{"id":763,"date":"2020-01-14T09:23:06","date_gmt":"2020-01-14T08:23:06","guid":{"rendered":"https:\/\/elanadio.es\/?page_id=763"},"modified":"2020-02-05T10:25:06","modified_gmt":"2020-02-05T09:25:06","slug":"exoneration-de-responsabilite","status":"publish","type":"page","link":"https:\/\/elanadio.es\/fr\/exoneration-de-responsabilite\/","title":{"rendered":"Exon\u00e9ration de responsabilit\u00e9"},"content":{"rendered":"\n<p>Vous \u00eates inform\u00e9 que le s\u00e9jour dans cette propri\u00e9t\u00e9 rustique,\ncomporte certains risques en raison de l&#8217;existence d&#8217;animaux dans leur\nles d\u00e9pendances (taureaux et chevaux sauvages) et surtout dans le d\u00e9veloppement des activit\u00e9s\ndes activit\u00e9s de loisirs qui s&#8217;y d\u00e9roulent. Nous demandons donc de la prudence et du bon sens\ncommun. Si vous avez des doutes, n&#8217;h\u00e9sitez pas \u00e0 nous contacter.<\/p>\n\n\n\n<p>Cette entreprise El A\u00f1adio S.L. et le personnel qui y fournit des services ne sont PAS RESPONSABLES des dommages et\/ou accidents qui pourraient \u00eatre subis en raison de tout cela, tant sur vous que sur vos biens.<\/p>\n","protected":false},"excerpt":{"rendered":"<p>Vous \u00eates inform\u00e9 que le s\u00e9jour dans cette propri\u00e9t\u00e9 rustique, comporte certains risques en raison de l&#8217;existence d&#8217;animaux dans leur les d\u00e9pendances (taureaux et chevaux sauvages) et surtout dans le d\u00e9veloppement des activit\u00e9s des activit\u00e9s de loisirs qui s&#8217;y d\u00e9roulent. Nous demandons donc de la prudence et du bon sens commun. Si vous avez des [&hellip;]<\/p>\n","protected":false},"author":1,"featured_media":0,"parent":0,"menu_order":0,"comment_status":"closed","ping_status":"closed","template":"","meta":{"_genesis_hide_title":false,"_genesis_hide_breadcrumbs":false,"_genesis_hide_singular_image":false,"_genesis_hide_footer_widgets":false,"_genesis_custom_body_class":"legales","_genesis_custom_post_class":"","_genesis_layout":"","footnotes":""},"class_list":{"0":"post-763","1":"page","2":"type-page","3":"status-publish","5":"entry"},"aioseo_notices":[],"_links":{"self":[{"href":"https:\/\/elanadio.es\/fr\/wp-json\/wp\/v2\/pages\/763","targetHints":{"allow":["GET"]}}],"collection":[{"href":"https:\/\/elanadio.es\/fr\/wp-json\/wp\/v2\/pages"}],"about":[{"href":"https:\/\/elanadio.es\/fr\/wp-json\/wp\/v2\/types\/page"}],"author":[{"embeddable":true,"href":"https:\/\/elanadio.es\/fr\/wp-json\/wp\/v2\/users\/1"}],"replies":[{"embeddable":true,"href":"https:\/\/elanadio.es\/fr\/wp-json\/wp\/v2\/comments?post=763"}],"version-history":[{"count":3,"href":"https:\/\/elanadio.es\/fr\/wp-json\/wp\/v2\/pages\/763\/revisions"}],"predecessor-version":[{"id":1524,"href":"https:\/\/elanadio.es\/fr\/wp-json\/wp\/v2\/pages\/763\/revisions\/1524"}],"wp:attachment":[{"href":"https:\/\/elanadio.es\/fr\/wp-json\/wp\/v2\/media?parent=763"}],"curies":[{"name":"wp","href":"https:\/\/api.w.org\/{rel}","templated":true}]}}