{"id":40,"date":"2019-10-08T16:20:36","date_gmt":"2019-10-08T14:20:36","guid":{"rendered":"https:\/\/elanadio.es\/?page_id=40"},"modified":"2020-02-05T10:21:56","modified_gmt":"2020-02-05T09:21:56","slug":"avis-juridique","status":"publish","type":"page","link":"https:\/\/elanadio.es\/fr\/avis-juridique\/","title":{"rendered":"Avis juridique"},"content":{"rendered":"\n<p>El A\u00f1ad\u00edo S.L., muni du NIF\/CIF B23538929, adresse Calle Dehesa el A\u00f1adio S\/N, 23220 Vilches, Ja\u00e9n, Espagne, ne peut assumer aucune responsabilit\u00e9 d\u00e9coulant de l&#8217;utilisation incorrecte, inappropri\u00e9e ou illicite des informations qui figurent sur la page Internet de https:\/\/elanadio.es\/<\/p>\n\n\n\n<p>Dans les limites \u00e9tablies par la loi, El A\u00f1ad\u00edo S.L. n&#8217;assume aucune responsabilit\u00e9 d\u00e9riv\u00e9e du manque de v\u00e9racit\u00e9, d&#8217;int\u00e9grit\u00e9, d&#8217;actualisation et de pr\u00e9cision des donn\u00e9es ou des informations contenues dans ses pages Internet.<\/p>\n\n\n\n<p>Les contenus et les informations ne lient pas El A\u00f1ad\u00edo S.L. et ne constituent pas des opinions, des conseils ou des avis juridiques de quelque nature que ce soit, car il s&#8217;agit simplement d&#8217;un service offert \u00e0 caract\u00e8re informatif et divulgateur.<\/p>\n\n\n\n<p>La page Internet de https:\/\/elanadio.es\/ peut contenir des liens vers d&#8217;autres pages de tiers que El A\u00f1ad\u00edo S.L. ne peut pas contr\u00f4ler. Par cons\u00e9quent, El A\u00f1ad\u00edo S.L. ne peut pas assumer la responsabilit\u00e9 du contenu qui peut appara\u00eetre sur les pages de tiers. <\/p>\n\n\n\n<p>Les textes, images, sons, animations, logiciels et autres contenus inclus sur ce site web sont la propri\u00e9t\u00e9 exclusive de El A\u00f1ad\u00edo S.L. ou de ses conc\u00e9dants de licence.  Tout acte de transmission, distribution, cession, reproduction, stockage ou communication publique, en tout ou en partie, doit faire l&#8217;objet d&#8217;un consentement expr\u00e8s de El A\u00f1ad\u00edo S.L. <\/p>\n\n\n\n<p>Pour acc\u00e9der \u00e0 certains des services que El A\u00f1ad\u00edo S.L. offre \u00e0 travers le site web, vous devrez fournir quelques donn\u00e9es personnelles.  Conform\u00e9ment aux dispositions du r\u00e8glement (UE) 2016\/679 du Parlement europ\u00e9en et du Conseil du 27 avril 2016 relatif \u00e0 la protection des personnes physiques \u00e0 l&#8217;\u00e9gard du traitement des donn\u00e9es \u00e0 caract\u00e8re personnel et \u00e0 la libre circulation de ces donn\u00e9es, nous vous informons que, en remplissant ces formulaires, vos donn\u00e9es personnelles seront incluses et trait\u00e9es dans les fichiers de El A\u00f1ad\u00edo S.L. afin de vous fournir et de vous offrir nos services et de vous informer des am\u00e9liorations apport\u00e9es au site web.  De m\u00eame, nous vous informons de la possibilit\u00e9 d&#8217;exercer gratuitement vos droits d&#8217;acc\u00e8s, de rectification, d&#8217;annulation et d&#8217;opposition de vos donn\u00e9es personnelles par courrier \u00e9lectronique \u00e0 l&#8217;adresse https:\/\/elanadio.es\/ ou \u00e0 l&#8217;adresse Calle Dehesa el A\u00f1adio S\/N, 23220 Vilches, Ja\u00e9n, Espagne<\/p>\n","protected":false},"excerpt":{"rendered":"<p>El A\u00f1ad\u00edo S.L., muni du NIF\/CIF B23538929, adresse Calle Dehesa el A\u00f1adio S\/N, 23220 Vilches, Ja\u00e9n, Espagne, ne peut assumer aucune responsabilit\u00e9 d\u00e9coulant de l&#8217;utilisation incorrecte, inappropri\u00e9e ou illicite des informations qui figurent sur la page Internet de https:\/\/elanadio.es\/ Dans les limites \u00e9tablies par la loi, El A\u00f1ad\u00edo S.L. n&#8217;assume aucune responsabilit\u00e9 d\u00e9riv\u00e9e du manque [&hellip;]<\/p>\n","protected":false},"author":1,"featured_media":0,"parent":0,"menu_order":0,"comment_status":"closed","ping_status":"closed","template":"","meta":{"_genesis_hide_title":false,"_genesis_hide_breadcrumbs":false,"_genesis_hide_singular_image":false,"_genesis_hide_footer_widgets":false,"_genesis_custom_body_class":"legales","_genesis_custom_post_class":"","_genesis_layout":"","footnotes":""},"class_list":{"0":"post-40","1":"page","2":"type-page","3":"status-publish","5":"entry"},"aioseo_notices":[],"_links":{"self":[{"href":"https:\/\/elanadio.es\/fr\/wp-json\/wp\/v2\/pages\/40","targetHints":{"allow":["GET"]}}],"collection":[{"href":"https:\/\/elanadio.es\/fr\/wp-json\/wp\/v2\/pages"}],"about":[{"href":"https:\/\/elanadio.es\/fr\/wp-json\/wp\/v2\/types\/page"}],"author":[{"embeddable":true,"href":"https:\/\/elanadio.es\/fr\/wp-json\/wp\/v2\/users\/1"}],"replies":[{"embeddable":true,"href":"https:\/\/elanadio.es\/fr\/wp-json\/wp\/v2\/comments?post=40"}],"version-history":[{"count":8,"href":"https:\/\/elanadio.es\/fr\/wp-json\/wp\/v2\/pages\/40\/revisions"}],"predecessor-version":[{"id":1523,"href":"https:\/\/elanadio.es\/fr\/wp-json\/wp\/v2\/pages\/40\/revisions\/1523"}],"wp:attachment":[{"href":"https:\/\/elanadio.es\/fr\/wp-json\/wp\/v2\/media?parent=40"}],"curies":[{"name":"wp","href":"https:\/\/api.w.org\/{rel}","templated":true}]}}