{"id":304,"date":"2020-01-08T12:27:29","date_gmt":"2020-01-08T11:27:29","guid":{"rendered":"https:\/\/elanadio.es\/?page_id=304"},"modified":"2025-10-06T13:27:35","modified_gmt":"2025-10-06T11:27:35","slug":"la-cuisine-del-anadio","status":"publish","type":"page","link":"https:\/\/elanadio.es\/fr\/la-cuisine-del-anadio\/","title":{"rendered":"La cuisine d&#8217;El A\u00f1adio"},"content":{"rendered":"\t\t<div data-elementor-type=\"wp-page\" data-elementor-id=\"304\" class=\"elementor elementor-304\" data-elementor-post-type=\"page\">\n\t\t\t\t\t\t<section class=\"elementor-section elementor-top-section elementor-element elementor-element-f466311 elementor-section-height-min-height elementor-section-boxed elementor-section-height-default elementor-section-items-middle\" data-id=\"f466311\" data-element_type=\"section\" data-e-type=\"section\" data-settings=\"{&quot;background_background&quot;:&quot;classic&quot;}\">\n\t\t\t\t\t\t<div class=\"elementor-container elementor-column-gap-default\">\n\t\t\t\t\t<div class=\"elementor-column elementor-col-100 elementor-top-column elementor-element elementor-element-b8bda17\" data-id=\"b8bda17\" data-element_type=\"column\" data-e-type=\"column\">\n\t\t\t<div class=\"elementor-widget-wrap elementor-element-populated\">\n\t\t\t\t\t\t<div class=\"elementor-element elementor-element-c98a630 elementor-widget elementor-widget-heading\" data-id=\"c98a630\" data-element_type=\"widget\" data-e-type=\"widget\" data-widget_type=\"heading.default\">\n\t\t\t\t\t<h1 class=\"elementor-heading-title elementor-size-default\">NOTRE CUISINE et BOUTIQUE<\/h1>\t\t\t\t<\/div>\n\t\t\t\t\t<\/div>\n\t\t<\/div>\n\t\t\t\t\t<\/div>\n\t\t<\/section>\n\t\t\t\t<section class=\"elementor-section elementor-top-section elementor-element elementor-element-11da40e elementor-section-full_width elementor-section-height-min-height elementor-section-height-default elementor-section-items-middle\" data-id=\"11da40e\" data-element_type=\"section\" data-e-type=\"section\" data-settings=\"{&quot;background_background&quot;:&quot;classic&quot;,&quot;sticky&quot;:&quot;top&quot;,&quot;sticky_offset&quot;:105,&quot;sticky_on&quot;:[&quot;desktop&quot;,&quot;tablet&quot;],&quot;sticky_effects_offset&quot;:0,&quot;sticky_anchor_link_offset&quot;:0}\">\n\t\t\t\t\t\t<div class=\"elementor-container elementor-column-gap-no\">\n\t\t\t\t\t<div class=\"elementor-column elementor-col-100 elementor-top-column elementor-element elementor-element-91d3d28\" data-id=\"91d3d28\" data-element_type=\"column\" data-e-type=\"column\">\n\t\t\t<div class=\"elementor-widget-wrap elementor-element-populated\">\n\t\t\t\t\t\t<div class=\"elementor-element elementor-element-edc3246 cal-horizontal elementor-widget elementor-widget-shortcode\" data-id=\"edc3246\" data-element_type=\"widget\" data-e-type=\"widget\" data-widget_type=\"shortcode.default\">\n\t\t\t\t\t\t\t<div class=\"elementor-shortcode\">[av_calendar id=1]<\/div>\n\t\t\t\t\t\t<\/div>\n\t\t\t\t\t<\/div>\n\t\t<\/div>\n\t\t\t\t\t<\/div>\n\t\t<\/section>\n\t\t\t\t<section class=\"elementor-section elementor-top-section elementor-element elementor-element-d2df7b9 elementor-reverse-tablet elementor-reverse-mobile elementor-section-boxed elementor-section-height-default elementor-section-height-default\" data-id=\"d2df7b9\" data-element_type=\"section\" data-e-type=\"section\">\n\t\t\t\t\t\t<div class=\"elementor-container elementor-column-gap-default\">\n\t\t\t\t\t<div class=\"elementor-column elementor-col-50 elementor-top-column elementor-element elementor-element-900a9ee\" data-id=\"900a9ee\" data-element_type=\"column\" data-e-type=\"column\" data-settings=\"{&quot;background_background&quot;:&quot;slideshow&quot;,&quot;background_slideshow_gallery&quot;:[{&quot;id&quot;:930,&quot;url&quot;:&quot;https:\\\/\\\/elanadio.es\\\/wp-content\\\/uploads\\\/cocina-jaen-nuestra-cocina-01.jpg&quot;},{&quot;id&quot;:931,&quot;url&quot;:&quot;https:\\\/\\\/elanadio.es\\\/wp-content\\\/uploads\\\/cocina-jaen-nuestra-cocina-02.jpg&quot;},{&quot;id&quot;:932,&quot;url&quot;:&quot;https:\\\/\\\/elanadio.es\\\/wp-content\\\/uploads\\\/cocina-jaen-nuestra-cocina-03.jpg&quot;},{&quot;id&quot;:933,&quot;url&quot;:&quot;https:\\\/\\\/elanadio.es\\\/wp-content\\\/uploads\\\/cocina-jaen-nuestra-cocina-04.jpg&quot;}],&quot;background_slideshow_slide_duration&quot;:3000,&quot;background_slideshow_transition_duration&quot;:1000,&quot;background_slideshow_loop&quot;:&quot;yes&quot;,&quot;background_slideshow_slide_transition&quot;:&quot;fade&quot;}\">\n\t\t\t<div class=\"elementor-widget-wrap elementor-element-populated\">\n\t\t\t\t\t\t<div class=\"elementor-element elementor-element-6a1987e elementor-widget elementor-widget-spacer\" data-id=\"6a1987e\" data-element_type=\"widget\" data-e-type=\"widget\" data-widget_type=\"spacer.default\">\n\t\t\t\t\t\t\t<div class=\"elementor-spacer\">\n\t\t\t<div class=\"elementor-spacer-inner\"><\/div>\n\t\t<\/div>\n\t\t\t\t\t\t<\/div>\n\t\t\t\t\t<\/div>\n\t\t<\/div>\n\t\t\t\t<div class=\"elementor-column elementor-col-50 elementor-top-column elementor-element elementor-element-92a643f\" data-id=\"92a643f\" data-element_type=\"column\" data-e-type=\"column\">\n\t\t\t<div class=\"elementor-widget-wrap elementor-element-populated\">\n\t\t\t\t\t\t<div class=\"elementor-element elementor-element-715b9bd elementor-widget elementor-widget-heading\" data-id=\"715b9bd\" data-element_type=\"widget\" data-e-type=\"widget\" data-widget_type=\"heading.default\">\n\t\t\t\t\t<h2 class=\"elementor-heading-title elementor-size-default\">Notre<br> Cuisine<\/h2>\t\t\t\t<\/div>\n\t\t\t\t<div class=\"elementor-element elementor-element-97905c8 parrafo elementor-widget elementor-widget-text-editor\" data-id=\"97905c8\" data-element_type=\"widget\" data-e-type=\"widget\" data-widget_type=\"text-editor.default\">\n\t\t\t\t\t\t\t\t\t<p>\u00abCuisine grand-m\u00e8re\u00bb\u2026 notre restauration est d\u00e9nomm\u00e9e ainsi par nos h\u00f4tes.<\/p>\t\t\t\t\t\t\t\t<\/div>\n\t\t\t\t<div class=\"elementor-element elementor-element-271fde2 elementor-widget elementor-widget-text-editor\" data-id=\"271fde2\" data-element_type=\"widget\" data-e-type=\"widget\" data-widget_type=\"text-editor.default\">\n\t\t\t\t\t\t\t\t\t<p><strong>De vrais plats maison<\/strong>, d\u2019ici, de toujours\u2026\u00a1authentiques\u00a0!<\/p><p>\u00ab\u00a0La nourriture du jour pour tous\u00a0\u00bb, comme \u00e0 la maison. <strong>Des plats de notre cuisine traditionnelle<\/strong> avec une petite entr\u00e9e, un premier et un deuxi\u00e8me plat. Un dessert, fait \u00e0 la maison aussi, <strong>pain de campagne<\/strong> et de l\u2019eau, <strong>le tout cuisin\u00e9 sur place<\/strong>.<\/p><p>Le menu de chaque jour sera affich\u00e9 sur notre tableau \u00e0 l\u2019entr\u00e9e de la salle \u00e0 manger. Si vous d\u00e9sirez quelque chose de diff\u00e9rent, <strong>notre cuisini\u00e8re pourra r\u00e9pondre \u00e0 vos demandes<\/strong> et vous offrir d\u2019autres options, si vous pr\u00e9venez \u00e0 l\u2019avance. D\u2019autres possibilit\u00e9s <strong>aussi pour les menus enfants<\/strong>, les c\u0153liaques, diab\u00e9tiques\u00a0 ou d\u2019autres intol\u00e9rances alimentaires et v\u00e9g\u00e9tariens.<\/p><p>Nous vous proposons parfois de la viande provenant de notre propre b\u00e9tail, dont l&#8217;origine et l&#8217;\u00e9levage sont certifi\u00e9s.<\/p>\t\t\t\t\t\t\t\t<\/div>\n\t\t\t\t\t<\/div>\n\t\t<\/div>\n\t\t\t\t\t<\/div>\n\t\t<\/section>\n\t\t\t\t<section class=\"elementor-section elementor-top-section elementor-element elementor-element-a2dfaeb elementor-section-boxed elementor-section-height-default elementor-section-height-default\" data-id=\"a2dfaeb\" data-element_type=\"section\" data-e-type=\"section\">\n\t\t\t\t\t\t<div class=\"elementor-container elementor-column-gap-default\">\n\t\t\t\t\t<div class=\"elementor-column elementor-col-100 elementor-top-column elementor-element elementor-element-44555e2\" data-id=\"44555e2\" data-element_type=\"column\" data-e-type=\"column\">\n\t\t\t<div class=\"elementor-widget-wrap elementor-element-populated\">\n\t\t\t\t\t\t<div class=\"elementor-element elementor-element-1adbc2e elementor-widget elementor-widget-heading\" data-id=\"1adbc2e\" data-element_type=\"widget\" data-e-type=\"widget\" data-widget_type=\"heading.default\">\n\t\t\t\t\t<h3 class=\"elementor-heading-title elementor-size-default\">Petits d\u00e9jeuners<\/h3>\t\t\t\t<\/div>\n\t\t\t\t<div class=\"elementor-element elementor-element-0a00d34 elementor-widget-divider--view-line elementor-widget elementor-widget-divider\" data-id=\"0a00d34\" data-element_type=\"widget\" data-e-type=\"widget\" data-widget_type=\"divider.default\">\n\t\t\t\t\t\t\t<div class=\"elementor-divider\">\n\t\t\t<span class=\"elementor-divider-separator\">\n\t\t\t\t\t\t<\/span>\n\t\t<\/div>\n\t\t\t\t\t\t<\/div>\n\t\t\t\t<div class=\"elementor-element elementor-element-21e976f elementor-widget elementor-widget-text-editor\" data-id=\"21e976f\" data-element_type=\"widget\" data-e-type=\"widget\" data-widget_type=\"text-editor.default\">\n\t\t\t\t\t\t\t\t\t<p><strong><u>Petit d\u00e9jeuner traditionnel:<\/u><\/strong>\u00a0 <br \/><strong><em>(Inclus dans le prix de la chambre)<\/em><\/strong><\/p><p>Toast Pain rustique, blanc ou complet, avec le meilleur or liquide de la r\u00e9gion (AOVE de Ja\u00e9n), avec un peu de jambon Serrano et de tomate ou de beurre et de confiture, caf\u00e9. Lait, infusions et jus d&#8217;orange naturel.<\/p>\t\t\t\t\t\t\t\t<\/div>\n\t\t\t\t<div class=\"elementor-element elementor-element-e976ce8 elementor-widget elementor-widget-text-editor\" data-id=\"e976ce8\" data-element_type=\"widget\" data-e-type=\"widget\" data-widget_type=\"text-editor.default\">\n\t\t\t\t\t\t\t\t\t<p><strong>Petit-d\u00e9jeuner sp\u00e9cial<\/strong>:<br \/><strong><em>(Non compris dans le prix de la chambre)<\/em><\/strong><\/p><p>\u00a0Nous vous proposons les options suivantes<\/p><ol style=\"text-align: left;\"><li style=\"list-style-type: none;\"><ol style=\"text-align: left;\"><li>Huevos al gusto (m\u00e1ximo 2). Revueltos, en tortilla, fritos, cocidos o pasados por agua, preparados al momento.<\/li><li>Fruits frais de saison : deux morceaux, si lo desea preparada en nuestra cocina (Ej.: mel\u00f3n, naranja, manzana, uva, seg\u00fan disponibilidad local)<\/li><li>Yogur natural individual (Cremoso, ligero)<\/li><li>Bizcocho casero de la abuela (Receta tradicional con toques de lim\u00f3n) o Tortas de Aceite de pueblo.<\/li><li>Galletas variadas (Envasadas individualmente para garantizar su frescura).<\/li><li>Queso fresco o lonchas de pechuga de pavo o de bacon a la plancha.<\/li><li>Earth Bowl (yaourt naturel avec des fruits coup\u00e9s, des c\u00e9r\u00e9ales compl\u00e8tes et des graines. Ou crackers assortis (emball\u00e9s individuellement pour garantir leur fra\u00eecheur).<\/li><li>Copos de Cereales (Crujientes y ligeros, favoritos de los m\u00e1s peque\u00f1os).<\/li><li>Aguacate troceado con aceite de oliva virgen extra y una pizca de sal gruesa).<\/li><\/ol><\/li><\/ol>\t\t\t\t\t\t\t\t<\/div>\n\t\t\t\t<div class=\"elementor-element elementor-element-c9966fa elementor-widget elementor-widget-heading\" data-id=\"c9966fa\" data-element_type=\"widget\" data-e-type=\"widget\" data-widget_type=\"heading.default\">\n\t\t\t\t\t<h3 class=\"elementor-heading-title elementor-size-default\">D\u00e9jeuners et Diners<\/h3>\t\t\t\t<\/div>\n\t\t\t\t<div class=\"elementor-element elementor-element-716f580 elementor-widget-divider--view-line elementor-widget elementor-widget-divider\" data-id=\"716f580\" data-element_type=\"widget\" data-e-type=\"widget\" data-widget_type=\"divider.default\">\n\t\t\t\t\t\t\t<div class=\"elementor-divider\">\n\t\t\t<span class=\"elementor-divider-separator\">\n\t\t\t\t\t\t<\/span>\n\t\t<\/div>\n\t\t\t\t\t\t<\/div>\n\t\t\t\t<div class=\"elementor-element elementor-element-0450e13 elementor-widget elementor-widget-text-editor\" data-id=\"0450e13\" data-element_type=\"widget\" data-e-type=\"widget\" data-widget_type=\"text-editor.default\">\n\t\t\t\t\t\t\t\t\t<p>Ci-dessous, vous avez quelques exemples de nos plats les plus appr\u00e9ci\u00e9s<\/p>\t\t\t\t\t\t\t\t<\/div>\n\t\t\t\t<div class=\"elementor-element elementor-element-a8effe9 elementor-widget elementor-widget-heading\" data-id=\"a8effe9\" data-element_type=\"widget\" data-e-type=\"widget\" data-widget_type=\"heading.default\">\n\t\t\t\t\t<h4 class=\"elementor-heading-title elementor-size-default\">Entr\u00e9es<\/h4>\t\t\t\t<\/div>\n\t\t\t\t<div class=\"elementor-element elementor-element-0f181b1 elementor-widget-divider--view-line elementor-widget elementor-widget-divider\" data-id=\"0f181b1\" data-element_type=\"widget\" data-e-type=\"widget\" data-widget_type=\"divider.default\">\n\t\t\t\t\t\t\t<div class=\"elementor-divider\">\n\t\t\t<span class=\"elementor-divider-separator\">\n\t\t\t\t\t\t<\/span>\n\t\t<\/div>\n\t\t\t\t\t\t<\/div>\n\t\t\t\t<div class=\"elementor-element elementor-element-796ed69 elementor-widget elementor-widget-text-editor\" data-id=\"796ed69\" data-element_type=\"widget\" data-e-type=\"widget\" data-widget_type=\"text-editor.default\">\n\t\t\t\t\t\t\t\t\t<p><strong>Des plats l\u00e9gers, diff\u00e9rents selon la saison\u00a0<\/strong>: velout\u00e9 de potiron, des soupes et potages comme \u00ab\u00a0el cocido\u00a0\u00bb, celle de fruits de mer, de viande hach\u00e9e \u00ab\u00a0picadillo\u00a0\u00bb.<\/p><p>\u00ab\u00a0Salmorejo\u00a0\u00bb potage de tomates et pain avec des betteraves frites, des salades d\u2019orange, de \u00ab\u00a0melva\u00a0\u00bb (poisson gras), de caille au vinaigre, de poivrons grill\u00e9s, \u00ab\u00a0pipirrana\u00a0\u00bb salade de tomate, poivrons, \u0153ufs cuits et thon\u2026 ou \u00ab\u00a0gazpachos\u00a0\u00bb soupe froide de tomate ou de pignon et amandes.<\/p>\t\t\t\t\t\t\t\t<\/div>\n\t\t\t\t<div class=\"elementor-element elementor-element-1bd9dc2 elementor-widget elementor-widget-heading\" data-id=\"1bd9dc2\" data-element_type=\"widget\" data-e-type=\"widget\" data-widget_type=\"heading.default\">\n\t\t\t\t\t<h4 class=\"elementor-heading-title elementor-size-default\">Les plus forts et nourrissants <\/h4>\t\t\t\t<\/div>\n\t\t\t\t<div class=\"elementor-element elementor-element-38dc8b5 elementor-widget-divider--view-line elementor-widget elementor-widget-divider\" data-id=\"38dc8b5\" data-element_type=\"widget\" data-e-type=\"widget\" data-widget_type=\"divider.default\">\n\t\t\t\t\t\t\t<div class=\"elementor-divider\">\n\t\t\t<span class=\"elementor-divider-separator\">\n\t\t\t\t\t\t<\/span>\n\t\t<\/div>\n\t\t\t\t\t\t<\/div>\n\t\t\t\t<div class=\"elementor-element elementor-element-b3c83c5 elementor-widget elementor-widget-text-editor\" data-id=\"b3c83c5\" data-element_type=\"widget\" data-e-type=\"widget\" data-widget_type=\"text-editor.default\">\n\t\t\t\t\t\t\t\t\t<p>\u00ab\u00a0Migas\u00a0\u00bb mie de pain avec ses \u00ab\u00a0av\u00edos\u00a0\u00bb de charcuterie, poivrons et \u0153ufs frits, du riz cr\u00e9meux avec du poulet fermier, queue de taureau \u00e0 la sauce de vin doux, m\u00e2choire de porc ib\u00e9rique accompagn\u00e9e de riz,des pommes de terre avec des \u0153ufs et du jambon, \u00ab\u00a0galianos\/harapos\u00a0\u00bb (rago\u00fbt) de li\u00e8vre, \u00ab\u00a0ajoharina\u00a0\u00bb (de la farine, des poivrons, de l\u2019ail\u2026 avec des c\u00e8pes) \u00ab\u00a0habichuelas\u00a0\u00bb (des haricots blancs) avec de la viande de perdrix, potage de \u00ab\u00a0vigilia\u00a0\u00bb avec des pois-chiches, morue et blettes.<\/p>\t\t\t\t\t\t\t\t<\/div>\n\t\t\t\t<div class=\"elementor-element elementor-element-b53d6d7 elementor-widget elementor-widget-heading\" data-id=\"b53d6d7\" data-element_type=\"widget\" data-e-type=\"widget\" data-widget_type=\"heading.default\">\n\t\t\t\t\t<h4 class=\"elementor-heading-title elementor-size-default\">Plats principaux<\/h4>\t\t\t\t<\/div>\n\t\t\t\t<div class=\"elementor-element elementor-element-5f93330 elementor-widget-divider--view-line elementor-widget elementor-widget-divider\" data-id=\"5f93330\" data-element_type=\"widget\" data-e-type=\"widget\" data-widget_type=\"divider.default\">\n\t\t\t\t\t\t\t<div class=\"elementor-divider\">\n\t\t\t<span class=\"elementor-divider-separator\">\n\t\t\t\t\t\t<\/span>\n\t\t<\/div>\n\t\t\t\t\t\t<\/div>\n\t\t\t\t<div class=\"elementor-element elementor-element-3416503 elementor-widget elementor-widget-text-editor\" data-id=\"3416503\" data-element_type=\"widget\" data-e-type=\"widget\" data-widget_type=\"text-editor.default\">\n\t\t\t\t\t\t\t\t\t<p>Faux-filet de porc au vin doux, \u00ab\u00a0lomo de orza con ajoatao\u00a0\u00bb \u00e9chine de porc \u00e0 la pur\u00e9e d\u2019ail, morue \u00e0 l\u2019oignon confit, c\u00f4telettes d\u2019agneau pan\u00e9es, filets de saumon aux carottes, \u00ab\u00a0perdices escabechadas\u00a0\u00bb perdrix au vinaigre, \u0153ufs brouill\u00e9s aux f\u00e8ves tendres (\u00ab\u00a0habitas\u00a0\u00bb) et au jambon, fricass\u00e9e de cuisses de poulet fermier (\u00ab\u00a0pepitoria\u00a0\u00bb)\u2026<\/p>\t\t\t\t\t\t\t\t<\/div>\n\t\t\t\t<div class=\"elementor-element elementor-element-979dcf2 elementor-widget elementor-widget-heading\" data-id=\"979dcf2\" data-element_type=\"widget\" data-e-type=\"widget\" data-widget_type=\"heading.default\">\n\t\t\t\t\t<h4 class=\"elementor-heading-title elementor-size-default\">Comme dessert <\/h4>\t\t\t\t<\/div>\n\t\t\t\t<div class=\"elementor-element elementor-element-99763db elementor-widget-divider--view-line elementor-widget elementor-widget-divider\" data-id=\"99763db\" data-element_type=\"widget\" data-e-type=\"widget\" data-widget_type=\"divider.default\">\n\t\t\t\t\t\t\t<div class=\"elementor-divider\">\n\t\t\t<span class=\"elementor-divider-separator\">\n\t\t\t\t\t\t<\/span>\n\t\t<\/div>\n\t\t\t\t\t\t<\/div>\n\t\t\t\t<div class=\"elementor-element elementor-element-7a493dd elementor-widget elementor-widget-text-editor\" data-id=\"7a493dd\" data-element_type=\"widget\" data-e-type=\"widget\" data-widget_type=\"text-editor.default\">\n\t\t\t\t\t\t\t\t\t<p>Des fruits de saison, parfois de notre potager, et des desserts faits maison de la r\u00e9gion, comme la cr\u00e8me renvers\u00e9e aux \u0153ufs fermiers, g\u00e2teau au fromage et au lait, dessert au citron et fruits secs, cr\u00e8me anglaise au \u00ab\u00a0Pedro Jim\u00e9nez\u00a0\u00bb (vin doux) et en saison, \u00ab\u00a0gachas con picatostes\u00a0\u00bb (cr\u00e8me au lait avec des croutons de pain frit), \u00ab\u00a0pesti\u00f1os\u00a0\u00bb (p\u00e2te \u00e0 la farine frite, esp\u00e8ce de beignet)<\/p>\t\t\t\t\t\t\t\t<\/div>\n\t\t\t\t<div class=\"elementor-element elementor-element-4453be9 elementor-widget elementor-widget-heading\" data-id=\"4453be9\" data-element_type=\"widget\" data-e-type=\"widget\" data-widget_type=\"heading.default\">\n\t\t\t\t\t<h4 class=\"elementor-heading-title elementor-size-default\">Pour grignoter<\/h4>\t\t\t\t<\/div>\n\t\t\t\t<div class=\"elementor-element elementor-element-1f579a9 elementor-widget-divider--view-line elementor-widget elementor-widget-divider\" data-id=\"1f579a9\" data-element_type=\"widget\" data-e-type=\"widget\" data-widget_type=\"divider.default\">\n\t\t\t\t\t\t\t<div class=\"elementor-divider\">\n\t\t\t<span class=\"elementor-divider-separator\">\n\t\t\t\t\t\t<\/span>\n\t\t<\/div>\n\t\t\t\t\t\t<\/div>\n\t\t\t\t<div class=\"elementor-element elementor-element-4a39164 elementor-widget elementor-widget-text-editor\" data-id=\"4a39164\" data-element_type=\"widget\" data-e-type=\"widget\" data-widget_type=\"text-editor.default\">\n\t\t\t\t\t\t\t\t\t<p>nous vous offrons le jambon ib\u00e9rique typique, du fromage de brebis \u00e0 l\u2019huile, p\u00e2t\u00e9 de perdrix, omelette espagnole, croquettes de poulet etc\u2026<\/p><p>\u00a0<\/p><p>Et nous pouvons aussi pr\u00e9parer sur demande de barbecues dans le jardin ou un pique-nique \u00e0 emporter \u00e0 la campagne.<\/p>\t\t\t\t\t\t\t\t<\/div>\n\t\t\t\t\t<\/div>\n\t\t<\/div>\n\t\t\t\t\t<\/div>\n\t\t<\/section>\n\t\t\t\t<section class=\"elementor-section elementor-top-section elementor-element elementor-element-d3909cf elementor-section-boxed elementor-section-height-default elementor-section-height-default\" data-id=\"d3909cf\" data-element_type=\"section\" data-e-type=\"section\">\n\t\t\t\t\t\t<div class=\"elementor-container elementor-column-gap-default\">\n\t\t\t\t\t<div class=\"elementor-column elementor-col-50 elementor-top-column elementor-element elementor-element-97131bf\" data-id=\"97131bf\" data-element_type=\"column\" data-e-type=\"column\" data-settings=\"{&quot;background_background&quot;:&quot;classic&quot;}\">\n\t\t\t<div class=\"elementor-widget-wrap elementor-element-populated\">\n\t\t\t\t\t\t<div class=\"elementor-element elementor-element-7553852 elementor-widget elementor-widget-spacer\" data-id=\"7553852\" data-element_type=\"widget\" data-e-type=\"widget\" data-widget_type=\"spacer.default\">\n\t\t\t\t\t\t\t<div class=\"elementor-spacer\">\n\t\t\t<div class=\"elementor-spacer-inner\"><\/div>\n\t\t<\/div>\n\t\t\t\t\t\t<\/div>\n\t\t\t\t\t<\/div>\n\t\t<\/div>\n\t\t\t\t<div class=\"elementor-column elementor-col-50 elementor-top-column elementor-element elementor-element-d449fd9\" data-id=\"d449fd9\" data-element_type=\"column\" data-e-type=\"column\">\n\t\t\t<div class=\"elementor-widget-wrap elementor-element-populated\">\n\t\t\t\t\t\t<div class=\"elementor-element elementor-element-f407f4e elementor-widget elementor-widget-heading\" data-id=\"f407f4e\" data-element_type=\"widget\" data-e-type=\"widget\" data-widget_type=\"heading.default\">\n\t\t\t\t\t<h2 class=\"elementor-heading-title elementor-size-default\">Boutique<\/h2>\t\t\t\t<\/div>\n\t\t\t\t<div class=\"elementor-element elementor-element-e6e4c19 elementor-widget elementor-widget-text-editor\" data-id=\"e6e4c19\" data-element_type=\"widget\" data-e-type=\"widget\" data-widget_type=\"text-editor.default\">\n\t\t\t\t\t\t\t\t\t<p>Nous avons quelques choses comme souvenir de votre visite\u00a0: un magnifique huile d\u2019olive premi\u00e8re press\u00e9e vierge extra de la r\u00e9gion, et le p\u00e2t\u00e9 de perdrix artisanal de notre restaurant. Le bracelet en argent pur de \u00ab\u00a0El A\u00f1ad\u00edo\u00a0\u00bb, dessin\u00e9 par le sculpteur Manuel L\u00f3pez et d\u2019autres objets\u2026<\/p>\t\t\t\t\t\t\t\t<\/div>\n\t\t\t\t\t<\/div>\n\t\t<\/div>\n\t\t\t\t\t<\/div>\n\t\t<\/section>\n\t\t\t\t<section class=\"elementor-section elementor-top-section elementor-element elementor-element-10c0cfa elementor-section-full_width elementor-section-height-default elementor-section-height-default\" data-id=\"10c0cfa\" data-element_type=\"section\" data-e-type=\"section\">\n\t\t\t\t\t\t<div class=\"elementor-container elementor-column-gap-no\">\n\t\t\t\t\t<div class=\"elementor-column elementor-col-50 elementor-top-column elementor-element elementor-element-5990016\" data-id=\"5990016\" data-element_type=\"column\" data-e-type=\"column\" data-settings=\"{&quot;background_background&quot;:&quot;classic&quot;}\">\n\t\t\t<div class=\"elementor-widget-wrap elementor-element-populated\">\n\t\t\t\t\t\t<div class=\"elementor-element elementor-element-179065e elementor-widget elementor-widget-spacer\" data-id=\"179065e\" data-element_type=\"widget\" data-e-type=\"widget\" data-widget_type=\"spacer.default\">\n\t\t\t\t\t\t\t<div class=\"elementor-spacer\">\n\t\t\t<div class=\"elementor-spacer-inner\"><\/div>\n\t\t<\/div>\n\t\t\t\t\t\t<\/div>\n\t\t\t\t\t<\/div>\n\t\t<\/div>\n\t\t\t\t<div class=\"elementor-column elementor-col-50 elementor-top-column elementor-element elementor-element-d932dda\" data-id=\"d932dda\" data-element_type=\"column\" data-e-type=\"column\">\n\t\t\t<div class=\"elementor-widget-wrap elementor-element-populated\">\n\t\t\t\t\t\t<div class=\"elementor-element elementor-element-99a94d2 elementor-widget elementor-widget-heading\" data-id=\"99a94d2\" data-element_type=\"widget\" data-e-type=\"widget\" data-widget_type=\"heading.default\">\n\t\t\t\t\t<h3 class=\"elementor-heading-title elementor-size-default\">Offrir des s\u00e9jours et des exp\u00e9riences en cadeau<\/h3>\t\t\t\t<\/div>\n\t\t\t\t<div class=\"elementor-element elementor-element-aec5946 elementor-widget elementor-widget-text-editor\" data-id=\"aec5946\" data-element_type=\"widget\" data-e-type=\"widget\" data-widget_type=\"text-editor.default\">\n\t\t\t\t\t\t\t\t\t<p>Con\u00e7ues \u00e0 votre go\u00fbt, incluez dans celles-ci ce que vous voulez : h\u00e9bergement, activit\u00e9s, restauration&#8230;etc. De mani\u00e8re totalement personnalis\u00e9e et avec un an pour les consommer. Nous pouvons vous envoyer un cadeau virtuel, une lettre de cadeau physique ou un paquet cadeau avec des informations et notre magnifique huile. Veuillez nous consulter.<\/p>\t\t\t\t\t\t\t\t<\/div>\n\t\t\t\t\t<\/div>\n\t\t<\/div>\n\t\t\t\t\t<\/div>\n\t\t<\/section>\n\t\t\t\t<\/div>\n\t\t","protected":false},"excerpt":{"rendered":"<p>NOTRE CUISINE et BOUTIQUE [av_calendar id=1] Notre Cuisine \u00abCuisine grand-m\u00e8re\u00bb\u2026 notre restauration est d\u00e9nomm\u00e9e ainsi par nos h\u00f4tes. De vrais plats maison, d\u2019ici, de toujours\u2026\u00a1authentiques\u00a0! \u00ab\u00a0La nourriture du jour pour tous\u00a0\u00bb, comme \u00e0 la maison. Des plats de notre cuisine traditionnelle avec une petite entr\u00e9e, un premier et un deuxi\u00e8me plat. Un dessert, fait \u00e0 [&hellip;]<\/p>\n","protected":false},"author":1,"featured_media":0,"parent":0,"menu_order":0,"comment_status":"closed","ping_status":"closed","template":"elementor_header_footer","meta":{"_genesis_hide_title":false,"_genesis_hide_breadcrumbs":false,"_genesis_hide_singular_image":false,"_genesis_hide_footer_widgets":false,"_genesis_custom_body_class":"","_genesis_custom_post_class":"","_genesis_layout":"","footnotes":""},"class_list":{"0":"post-304","1":"page","2":"type-page","3":"status-publish","5":"entry"},"aioseo_notices":[],"_links":{"self":[{"href":"https:\/\/elanadio.es\/fr\/wp-json\/wp\/v2\/pages\/304","targetHints":{"allow":["GET"]}}],"collection":[{"href":"https:\/\/elanadio.es\/fr\/wp-json\/wp\/v2\/pages"}],"about":[{"href":"https:\/\/elanadio.es\/fr\/wp-json\/wp\/v2\/types\/page"}],"author":[{"embeddable":true,"href":"https:\/\/elanadio.es\/fr\/wp-json\/wp\/v2\/users\/1"}],"replies":[{"embeddable":true,"href":"https:\/\/elanadio.es\/fr\/wp-json\/wp\/v2\/comments?post=304"}],"version-history":[{"count":68,"href":"https:\/\/elanadio.es\/fr\/wp-json\/wp\/v2\/pages\/304\/revisions"}],"predecessor-version":[{"id":1727,"href":"https:\/\/elanadio.es\/fr\/wp-json\/wp\/v2\/pages\/304\/revisions\/1727"}],"wp:attachment":[{"href":"https:\/\/elanadio.es\/fr\/wp-json\/wp\/v2\/media?parent=304"}],"curies":[{"name":"wp","href":"https:\/\/api.w.org\/{rel}","templated":true}]}}