{"id":471,"date":"2020-01-08T17:36:55","date_gmt":"2020-01-08T16:36:55","guid":{"rendered":"https:\/\/elanadio.es\/?page_id=471"},"modified":"2025-03-25T16:10:17","modified_gmt":"2025-03-25T15:10:17","slug":"blog-el-anadio-jaen","status":"publish","type":"page","link":"https:\/\/elanadio.es\/en\/blog-el-anadio-jaen\/","title":{"rendered":"Blog El A\u00f1adio Ja\u00e9n"},"content":{"rendered":"\t\t<div data-elementor-type=\"wp-page\" data-elementor-id=\"471\" class=\"elementor elementor-471\" data-elementor-post-type=\"page\">\n\t\t\t\t\t\t<section class=\"elementor-section elementor-top-section elementor-element elementor-element-f466311 elementor-section-height-min-height elementor-section-items-stretch elementor-section-content-middle elementor-section-boxed elementor-section-height-default\" data-id=\"f466311\" data-element_type=\"section\" data-e-type=\"section\" data-settings=\"{&quot;background_background&quot;:&quot;classic&quot;}\">\n\t\t\t\t\t\t\t<div class=\"elementor-background-overlay\"><\/div>\n\t\t\t\t\t\t\t<div class=\"elementor-container elementor-column-gap-default\">\n\t\t\t\t\t<div class=\"elementor-column elementor-col-100 elementor-top-column elementor-element elementor-element-b8bda17\" data-id=\"b8bda17\" data-element_type=\"column\" data-e-type=\"column\">\n\t\t\t<div class=\"elementor-widget-wrap elementor-element-populated\">\n\t\t\t\t\t\t<div class=\"elementor-element elementor-element-c98a630 elementor-widget elementor-widget-heading\" data-id=\"c98a630\" data-element_type=\"widget\" data-e-type=\"widget\" data-widget_type=\"heading.default\">\n\t\t\t\t\t<h1 class=\"elementor-heading-title elementor-size-default\">BLOG<\/h1>\t\t\t\t<\/div>\n\t\t\t\t\t<\/div>\n\t\t<\/div>\n\t\t\t\t\t<\/div>\n\t\t<\/section>\n\t\t\t\t<section class=\"elementor-section elementor-top-section elementor-element elementor-element-11da40e elementor-section-full_width elementor-section-height-min-height elementor-section-height-default elementor-section-items-middle\" data-id=\"11da40e\" data-element_type=\"section\" data-e-type=\"section\" data-settings=\"{&quot;background_background&quot;:&quot;classic&quot;,&quot;sticky&quot;:&quot;top&quot;,&quot;sticky_offset&quot;:105,&quot;sticky_on&quot;:[&quot;desktop&quot;,&quot;tablet&quot;],&quot;sticky_effects_offset&quot;:0,&quot;sticky_anchor_link_offset&quot;:0}\">\n\t\t\t\t\t\t<div class=\"elementor-container elementor-column-gap-no\">\n\t\t\t\t\t<div class=\"elementor-column elementor-col-100 elementor-top-column elementor-element elementor-element-91d3d28\" data-id=\"91d3d28\" data-element_type=\"column\" data-e-type=\"column\">\n\t\t\t<div class=\"elementor-widget-wrap elementor-element-populated\">\n\t\t\t\t\t\t<div class=\"elementor-element elementor-element-edc3246 cal-horizontal elementor-widget elementor-widget-shortcode\" data-id=\"edc3246\" data-element_type=\"widget\" data-e-type=\"widget\" data-widget_type=\"shortcode.default\">\n\t\t\t\t\t\t\t<div class=\"elementor-shortcode\">[av_calendar id=1]<\/div>\n\t\t\t\t\t\t<\/div>\n\t\t\t\t\t<\/div>\n\t\t<\/div>\n\t\t\t\t\t<\/div>\n\t\t<\/section>\n\t\t\t\t<section class=\"elementor-section elementor-top-section elementor-element elementor-element-1665b6e elementor-section-boxed elementor-section-height-default elementor-section-height-default\" data-id=\"1665b6e\" data-element_type=\"section\" data-e-type=\"section\">\n\t\t\t\t\t\t<div class=\"elementor-container elementor-column-gap-default\">\n\t\t\t\t\t<div class=\"elementor-column elementor-col-100 elementor-top-column elementor-element elementor-element-1f8c486\" data-id=\"1f8c486\" data-element_type=\"column\" data-e-type=\"column\">\n\t\t\t<div class=\"elementor-widget-wrap elementor-element-populated\">\n\t\t\t\t\t\t<div class=\"elementor-element elementor-element-7c30aa0 elementor-posts--align-left elementor-grid-3 elementor-grid-tablet-2 elementor-grid-mobile-1 elementor-posts--thumbnail-top elementor-widget elementor-widget-posts\" data-id=\"7c30aa0\" data-element_type=\"widget\" data-e-type=\"widget\" data-settings=\"{&quot;classic_row_gap&quot;:{&quot;unit&quot;:&quot;px&quot;,&quot;size&quot;:50,&quot;sizes&quot;:[]},&quot;pagination_type&quot;:&quot;numbers&quot;,&quot;classic_columns&quot;:&quot;3&quot;,&quot;classic_columns_tablet&quot;:&quot;2&quot;,&quot;classic_columns_mobile&quot;:&quot;1&quot;,&quot;classic_row_gap_tablet&quot;:{&quot;unit&quot;:&quot;px&quot;,&quot;size&quot;:&quot;&quot;,&quot;sizes&quot;:[]},&quot;classic_row_gap_mobile&quot;:{&quot;unit&quot;:&quot;px&quot;,&quot;size&quot;:&quot;&quot;,&quot;sizes&quot;:[]}}\" data-widget_type=\"posts.classic\">\n\t\t\t\t<div class=\"elementor-widget-container\">\n\t\t\t\t\t\t\t<div class=\"elementor-posts-container elementor-posts elementor-posts--skin-classic elementor-grid\" role=\"list\">\n\t\t\t\t<article class=\"elementor-post elementor-grid-item post-1472 post type-post status-publish format-standard has-post-thumbnail category-blog-el-anadio entry\" role=\"listitem\">\n\t\t\t\t<a class=\"elementor-post__thumbnail__link\" href=\"https:\/\/elanadio.es\/en\/blog\/2020\/02\/03\/el-anadio-o-el-anadido-quienes-somos\/\" tabindex=\"-1\" >\n\t\t\t<div class=\"elementor-post__thumbnail\"><img fetchpriority=\"high\" decoding=\"async\" width=\"300\" height=\"225\" src=\"https:\/\/elanadio.es\/en\/wp-content\/uploads\/sites\/2\/Sombra-Torera-El-An\u0303adio-300x225.jpg\" class=\"attachment-medium size-medium wp-image-1476\" alt=\"Perfil torero en Finca El A\u00f1ad\u00edo Ja\u00e9n Turismo rural taurino\" srcset=\"https:\/\/elanadio.es\/en\/wp-content\/uploads\/sites\/2\/Sombra-Torera-El-An\u0303adio-300x225.jpg 300w, https:\/\/elanadio.es\/en\/wp-content\/uploads\/sites\/2\/Sombra-Torera-El-An\u0303adio-1024x768.jpg 1024w, https:\/\/elanadio.es\/en\/wp-content\/uploads\/sites\/2\/Sombra-Torera-El-An\u0303adio-768x576.jpg 768w, https:\/\/elanadio.es\/en\/wp-content\/uploads\/sites\/2\/Sombra-Torera-El-An\u0303adio.jpg 1280w\" sizes=\"(max-width: 300px) 100vw, 300px\" \/><\/div>\n\t\t<\/a>\n\t\t\t\t<div class=\"elementor-post__text\">\n\t\t\t\t<h3 class=\"elementor-post__title\">\n\t\t\t<a href=\"https:\/\/elanadio.es\/en\/blog\/2020\/02\/03\/el-anadio-o-el-anadido-quienes-somos\/\" >\n\t\t\t\t\u00bfEl A\u00f1ad\u00edo o El A\u00f1adido? Qui\u00e9nes Somos\t\t\t<\/a>\n\t\t<\/h3>\n\t\t\t\t<div class=\"elementor-post__meta-data\">\n\t\t\t\t\t<span class=\"elementor-post-date\">\n\t\t\t3 febrero, 2020\t\t<\/span>\n\t\t\t\t<\/div>\n\t\t\t\t<div class=\"elementor-post__excerpt\">\n\t\t\t<p>Somos El A\u00f1ad\u00edo, y no El A\u00f1adido, como es Bilbao y no Bilbado, y como Bacalao y no Bacalado.&nbsp; \u00a1a esto&nbsp; hemos llegado. \u201ddegenerando\u201d!, como<\/p>\n\t\t<\/div>\n\t\t\n\t\t<a class=\"elementor-post__read-more\" href=\"https:\/\/elanadio.es\/en\/blog\/2020\/02\/03\/el-anadio-o-el-anadido-quienes-somos\/\" aria-label=\"M\u00e1s informaci\u00f3n sobre \u00bfEl A\u00f1ad\u00edo o El A\u00f1adido? Qui\u00e9nes Somos\" tabindex=\"-1\" >\n\t\t\tLeer M\u00e1s &gt;&gt;\t\t<\/a>\n\n\t\t\t\t<\/div>\n\t\t\t\t<\/article>\n\t\t\t\t<article class=\"elementor-post elementor-grid-item post-1264 post type-post status-publish format-standard has-post-thumbnail category-blog-el-anadio entry\" role=\"listitem\">\n\t\t\t\t<a class=\"elementor-post__thumbnail__link\" href=\"https:\/\/elanadio.es\/en\/blog\/2020\/01\/28\/lorem-ipsum-2\/\" tabindex=\"-1\" >\n\t\t\t<div class=\"elementor-post__thumbnail\"><img decoding=\"async\" width=\"300\" height=\"169\" src=\"https:\/\/elanadio.es\/en\/wp-content\/uploads\/sites\/2\/blog-cabecera-BORRAME-300x169.jpg\" class=\"attachment-medium size-medium wp-image-479\" alt=\"blog cabecera BORRAME\" srcset=\"https:\/\/elanadio.es\/en\/wp-content\/uploads\/sites\/2\/blog-cabecera-BORRAME-300x169.jpg 300w, https:\/\/elanadio.es\/en\/wp-content\/uploads\/sites\/2\/blog-cabecera-BORRAME-1024x576.jpg 1024w, https:\/\/elanadio.es\/en\/wp-content\/uploads\/sites\/2\/blog-cabecera-BORRAME-768x432.jpg 768w, https:\/\/elanadio.es\/en\/wp-content\/uploads\/sites\/2\/blog-cabecera-BORRAME-1536x864.jpg 1536w, https:\/\/elanadio.es\/en\/wp-content\/uploads\/sites\/2\/blog-cabecera-BORRAME.jpg 1920w\" sizes=\"(max-width: 300px) 100vw, 300px\" \/><\/div>\n\t\t<\/a>\n\t\t\t\t<div class=\"elementor-post__text\">\n\t\t\t\t<h3 class=\"elementor-post__title\">\n\t\t\t<a href=\"https:\/\/elanadio.es\/en\/blog\/2020\/01\/28\/lorem-ipsum-2\/\" >\n\t\t\t\tLorem ipsum\t\t\t<\/a>\n\t\t<\/h3>\n\t\t\t\t<div class=\"elementor-post__meta-data\">\n\t\t\t\t\t<span class=\"elementor-post-date\">\n\t\t\t28 enero, 2020\t\t<\/span>\n\t\t\t\t<\/div>\n\t\t\t\t<div class=\"elementor-post__excerpt\">\n\t\t\t<p>Dolor sit amet, consectetur adipiscing elit. Mauris maximus orci at felis ornare, non pharetra nisl efficitur. Quisque gravida mollis nisl, sed maximus sapien aliquet quis.<\/p>\n\t\t<\/div>\n\t\t\n\t\t<a class=\"elementor-post__read-more\" href=\"https:\/\/elanadio.es\/en\/blog\/2020\/01\/28\/lorem-ipsum-2\/\" aria-label=\"M\u00e1s informaci\u00f3n sobre Lorem ipsum\" tabindex=\"-1\" >\n\t\t\tLeer M\u00e1s &gt;&gt;\t\t<\/a>\n\n\t\t\t\t<\/div>\n\t\t\t\t<\/article>\n\t\t\t\t<article class=\"elementor-post elementor-grid-item post-1259 post type-post status-publish format-standard has-post-thumbnail category-blog-el-anadio entry\" role=\"listitem\">\n\t\t\t\t<a class=\"elementor-post__thumbnail__link\" href=\"https:\/\/elanadio.es\/en\/blog\/2020\/01\/28\/maximus-orci\/\" tabindex=\"-1\" >\n\t\t\t<div class=\"elementor-post__thumbnail\"><img decoding=\"async\" width=\"300\" height=\"169\" src=\"https:\/\/elanadio.es\/en\/wp-content\/uploads\/sites\/2\/blog-cabecera-BORRAME-002-300x169.jpg\" class=\"attachment-medium size-medium wp-image-485\" alt=\"blog cabecera BORRAME 002\" srcset=\"https:\/\/elanadio.es\/en\/wp-content\/uploads\/sites\/2\/blog-cabecera-BORRAME-002-300x169.jpg 300w, https:\/\/elanadio.es\/en\/wp-content\/uploads\/sites\/2\/blog-cabecera-BORRAME-002-1024x576.jpg 1024w, https:\/\/elanadio.es\/en\/wp-content\/uploads\/sites\/2\/blog-cabecera-BORRAME-002-768x432.jpg 768w, https:\/\/elanadio.es\/en\/wp-content\/uploads\/sites\/2\/blog-cabecera-BORRAME-002-1536x864.jpg 1536w, https:\/\/elanadio.es\/en\/wp-content\/uploads\/sites\/2\/blog-cabecera-BORRAME-002.jpg 1920w\" sizes=\"(max-width: 300px) 100vw, 300px\" \/><\/div>\n\t\t<\/a>\n\t\t\t\t<div class=\"elementor-post__text\">\n\t\t\t\t<h3 class=\"elementor-post__title\">\n\t\t\t<a href=\"https:\/\/elanadio.es\/en\/blog\/2020\/01\/28\/maximus-orci\/\" >\n\t\t\t\tmaximus orci\t\t\t<\/a>\n\t\t<\/h3>\n\t\t\t\t<div class=\"elementor-post__meta-data\">\n\t\t\t\t\t<span class=\"elementor-post-date\">\n\t\t\t28 enero, 2020\t\t<\/span>\n\t\t\t\t<\/div>\n\t\t\t\t<div class=\"elementor-post__excerpt\">\n\t\t\t<p>Sed varius augue eu vestibulum malesuada. Nullam luctus tellus a augue aliquam, non commodo nunc euismod. Curabitur consectetur purus non egestas elementum. Vivamus at ligula<\/p>\n\t\t<\/div>\n\t\t\n\t\t<a class=\"elementor-post__read-more\" href=\"https:\/\/elanadio.es\/en\/blog\/2020\/01\/28\/maximus-orci\/\" aria-label=\"M\u00e1s informaci\u00f3n sobre maximus orci\" tabindex=\"-1\" >\n\t\t\tLeer M\u00e1s &gt;&gt;\t\t<\/a>\n\n\t\t\t\t<\/div>\n\t\t\t\t<\/article>\n\t\t\t\t<\/div>\n\t\t\n\t\t\t\t\t\t<\/div>\n\t\t\t\t<\/div>\n\t\t\t\t\t<\/div>\n\t\t<\/div>\n\t\t\t\t\t<\/div>\n\t\t<\/section>\n\t\t\t\t<\/div>\n\t\t","protected":false},"excerpt":{"rendered":"<p>BLOG [av_calendar id=1]<\/p>\n","protected":false},"author":1,"featured_media":0,"parent":0,"menu_order":0,"comment_status":"closed","ping_status":"closed","template":"elementor_header_footer","meta":{"_genesis_hide_title":false,"_genesis_hide_breadcrumbs":false,"_genesis_hide_singular_image":false,"_genesis_hide_footer_widgets":false,"_genesis_custom_body_class":"","_genesis_custom_post_class":"","_genesis_layout":"","footnotes":""},"class_list":{"0":"post-471","1":"page","2":"type-page","3":"status-publish","5":"entry"},"aioseo_notices":[],"_links":{"self":[{"href":"https:\/\/elanadio.es\/en\/wp-json\/wp\/v2\/pages\/471","targetHints":{"allow":["GET"]}}],"collection":[{"href":"https:\/\/elanadio.es\/en\/wp-json\/wp\/v2\/pages"}],"about":[{"href":"https:\/\/elanadio.es\/en\/wp-json\/wp\/v2\/types\/page"}],"author":[{"embeddable":true,"href":"https:\/\/elanadio.es\/en\/wp-json\/wp\/v2\/users\/1"}],"replies":[{"embeddable":true,"href":"https:\/\/elanadio.es\/en\/wp-json\/wp\/v2\/comments?post=471"}],"version-history":[{"count":0,"href":"https:\/\/elanadio.es\/en\/wp-json\/wp\/v2\/pages\/471\/revisions"}],"wp:attachment":[{"href":"https:\/\/elanadio.es\/en\/wp-json\/wp\/v2\/media?parent=471"}],"curies":[{"name":"wp","href":"https:\/\/api.w.org\/{rel}","templated":true}]}}