{"id":45,"date":"2019-10-08T16:23:14","date_gmt":"2019-10-08T14:23:14","guid":{"rendered":"https:\/\/elanadio.es\/?page_id=45"},"modified":"2020-02-04T13:00:17","modified_gmt":"2020-02-04T12:00:17","slug":"privacy-policy","status":"publish","type":"page","link":"https:\/\/elanadio.es\/en\/privacy-policy\/","title":{"rendered":"Privacy Policy"},"content":{"rendered":"\n<p><strong>1. Informaci\u00f3n b\u00e1sica de protecci\u00f3n de\ndatos. <\/strong><\/p>\n\n\n\n<p><strong>Fichero<\/strong> <\/p>\n\n\n\n<p>Sus datos de car\u00e1cter\npersonal est\u00e1n inscritos en un fichero titularidad de EL A\u00d1ADIO SL<\/p>\n\n\n\n<p><strong>Responsable <\/strong><\/p>\n\n\n\n<p>EL A\u00d1ADIO SL<\/p>\n\n\n\n<p><strong>Finalidad<\/strong> <\/p>\n\n\n\n<p>Prestaci\u00f3n del servicio\nacordado. <\/p>\n\n\n\n<p>Correcta gesti\u00f3n\nadministrativa y contable del servicio prestado. <\/p>\n\n\n\n<p>Atenci\u00f3n de solicitudes por\nparte del usuario y mantenimiento de la relaci\u00f3n comercial. <\/p>\n\n\n\n<p><strong>Legitimaci\u00f3n<\/strong> <\/p>\n\n\n\n<p>Base contractual o\nconsentimiento legalmente otorgado del interesado.<\/p>\n\n\n\n<p><strong>Destinatarios<\/strong> <\/p>\n\n\n\n<p>No se contemplan cesiones a\nterceros, aparte de las legalmente exigidas. <\/p>\n\n\n\n<p><strong>Derechos<\/strong> <\/p>\n\n\n\n<p>Usted tiene derecho como\ntitular de los datos a acceder, rectificar, oponerse, suprimir, portar y\nlimitar tal y como se explica en la informaci\u00f3n adicional. <\/p>\n\n\n\n<p><strong>2. Informaci\u00f3n adicional de protecci\u00f3n\nde datos <\/strong><\/p>\n\n\n\n<p>La presente Pol\u00edtica de\nProtecci\u00f3n de datos regula el tratamiento de datos personales facilitados por\nel usuario a trav\u00e9s de la web que EL A\u00d1ADIO SL pone a disposici\u00f3n de los\nusuarios de Internet. La presente pol\u00edtica forma parte del aviso legal\naccesible en todo momento desde el portal. <\/p>\n\n\n\n<p>El usuario garantiza que\nlos datos aportados son verdaderos, exactos, completos y actualizados, siendo\nresponsable de cualquier da\u00f1o o perjuicio, directo o indirecto, que pudiera\nocasionarse como consecuencia del incumplimiento de tal obligaci\u00f3n. En el caso\nde que los datos aportados pertenecieran a un tercero, el usuario garantiza que\nha informado a dicho tercero de los aspectos contenidos en este documento y\nobtenido su autorizaci\u00f3n para facilitar sus datos a EL A\u00d1ADIO SL para los fines\nse\u00f1alados. <\/p>\n\n\n\n<p>El Portal puede ofrecer\nfuncionalidades para compartir contenidos a trav\u00e9s de aplicaciones de terceros,\ncomo Facebook o Twitter. Estas aplicaciones pueden recoger y tratar informaci\u00f3n\nrelacionada con la navegaci\u00f3n del usuario en los diferentes sitios web.\nCualquier informaci\u00f3n personal que se recabada a trav\u00e9s de estas aplicaciones,\npuede ser utilizada por terceros usuarios de las mismas, y sus interacciones\nest\u00e1n sometidas a las pol\u00edticas de privacidad de las compa\u00f1\u00edas que facilitan\nlas aplicaciones. <\/p>\n\n\n\n<p>El Portal puede alojar\nblogs, foros, y otras aplicaciones o servicios de redes sociales con la\nfinalidad de facilitar el intercambio de conocimiento y contenido. <\/p>\n\n\n\n<p>Cualquier informaci\u00f3n\npersonal que se facilite por el usuario puede ser compartida con otros usuarios\nde ese servicio, sobre los cuales EL A\u00d1ADIO SL no tiene control alguno. <\/p>\n\n\n\n<p>Con objeto de ofrecer\ninformaci\u00f3n o servicios de inter\u00e9s en funci\u00f3n de la localizaci\u00f3n del Usuario, EL\nA\u00d1ADIO SL podr\u00e1 acceder a datos relativos a la geolocalizaci\u00f3n del dispositivo\ndel Usuario, en aquellos casos en que la configuraci\u00f3n del usuario al efecto\nas\u00ed lo permita. <\/p>\n\n\n\n<p>A efectos de seguridad\nt\u00e9cnica y diagn\u00f3stico de sistemas, de forma an\u00f3nima o agregada, EL A\u00d1ADIO SL\npodr\u00e1 registrar la direcci\u00f3n IP (n\u00famero de identificaci\u00f3n del acceso a Internet\ndel dispositivo, que permite a los dispositivos, sistemas y servidores\nreconocerse y comunicarse entre s\u00ed). Dicha informaci\u00f3n podr\u00e1 ser tambi\u00e9n\nempleada con finalidades anal\u00edticas de rendimiento web. <\/p>\n\n\n\n<p><strong>3. \u00bfQui\u00e9n es el responsable del\ntratamiento de los datos personales del Usuario? <\/strong><\/p>\n\n\n\n<p>EL A\u00d1ADIO SL es una\nsociedad espa\u00f1ola con CIF B23538929, y\ndomicilio en Paraje El A\u00f1ad\u00edo s\/n &nbsp;23220&nbsp;Vilches, Ja\u00e9n. Tel\u00e9fono: 953 066 031 Correo electr\u00f3nico:\n<a href=\"mailto:info@elanadio.es\">info@elanadio.es<\/a><\/p>\n\n\n\n<p><strong>4. \u00bfCon qu\u00e9 finalidad tratamos los\ndatos personales del Usuario? <\/strong><\/p>\n\n\n\n<p>EL A\u00d1ADIO SL trata la\ninformaci\u00f3n facilitada por el Usuario con el fin de atender las solicitudes de\ndiversa \u00edndole llevadas a cabo por parte de este. En funci\u00f3n de la naturaleza\nde la solicitud, la finalidad perseguir\u00e1 la gesti\u00f3n de (i) consultas y\nsolicitudes de propuestas, (RFP) remitidas a trav\u00e9s del formulario de contacto\nhabilitado al efecto, (ii) curricula remitidos a trav\u00e9s del Portal, (iii)\ncomunicaciones electr\u00f3nicas de naturaleza informativa, de acuerdo con sus\nintereses. EL A\u00d1ADIO SL podr\u00e1 elaborar un perfil comercial, con base en la\ninformaci\u00f3n facilitada. No se tomar\u00e1n decisiones automatizadas con base en\ndicho perfil. <\/p>\n\n\n\n<p>Los datos empleados, o\nfacilitados, en las comunicaciones informativas y\/o promocionales son tratados\npor EL A\u00d1ADIO SL para finalidades consistentes en el env\u00edo electr\u00f3nico de\ninformaci\u00f3n y comunicaciones sobre servicios, actividades, publicaciones,\ncelebraciones, felicitaciones y acontecimientos sociales y profesionales de EL\nA\u00d1ADIO SL <\/p>\n\n\n\n<p>El consentimiento para el\nenv\u00edo de dichas comunicaciones podr\u00e1 ser revocado en todo momento en cada una\nde las comunicaciones recibidas mediante el mecanismo habilitado al efecto. <\/p>\n\n\n\n<p>El criterio de conservaci\u00f3n\nde los datos tendr\u00e1 base en la manifestaci\u00f3n contraria al tratamiento por su\nparte. En todo caso, podr\u00e1n ejercitarse los derechos de acceso, rectificaci\u00f3n,\ncancelaci\u00f3n y oposici\u00f3n mediante correo electr\u00f3nico a <a href=\"mailto:info@elanadio.es\">info@elanadio.es<\/a><\/p>\n\n\n\n<p><strong>5. \u00bfPor cu\u00e1nto tiempo conservaremos los\ndatos personales del Usuario? <\/strong><\/p>\n\n\n\n<p>Con car\u00e1cter general, los\ndatos personales proporcionados se conservar\u00e1n durante 10 a\u00f1os para dar\ncumplimiento a todas las obligaciones legalmente exigidas. En el caso concreto\nde curr\u00edculum los datos ser\u00e1n conservados por un periodo m\u00e1ximo de un a\u00f1o,\nsalvo indicaci\u00f3n en contrario por parte del interesado. <\/p>\n\n\n\n<p><strong>6. \u00bfCu\u00e1l es la legitimaci\u00f3n para el\ntratamiento de los datos personales del Usuario? <\/strong><\/p>\n\n\n\n<p>La base legal para el\ntratamiento de los datos es la legitimaci\u00f3n por prestaci\u00f3n de servicio o\nconsentimiento del Usuario. <\/p>\n\n\n\n<p><strong>7. \u00bfA qu\u00e9 destinatarios se comunicar\u00e1n\nlos datos personales del Usuario? <\/strong><\/p>\n\n\n\n<p>Los datos podr\u00e1n ser\ncedidos a administraciones y organismos p\u00fablicos para el cumplimiento de\nobligaciones directamente exigibles a EL A\u00d1ADIO SL <\/p>\n\n\n\n<p><strong>8. \u00bfCu\u00e1les son los derechos del Usuario\ncuando nos facilita sus datos personales? <\/strong><\/p>\n\n\n\n<p>El Usuario tiene derecho a\nobtener confirmaci\u00f3n sobre si EL A\u00d1ADIO SL trata datos personales que le\nconciernen, as\u00ed como a acceder a sus datos personales, solicitar la\nrectificaci\u00f3n de los datos inexactos o, en su caso, solicitar su supresi\u00f3n\ncuando, entre otros motivos, los datos ya no sean necesarios para los fines que\nfueron recogidos. <\/p>\n\n\n\n<p>En determinadas\ncircunstancias, el Usuario podr\u00e1 solicitar la limitaci\u00f3n del tratamiento de sus\ndatos, en cuyo caso \u00fanicamente se conservar\u00e1n para el ejercicio o la defensa de\nreclamaciones. <\/p>\n\n\n\n<p>En determinadas\ncircunstancias y por motivos relacionados con su situaci\u00f3n particular, el\nUsuario podr\u00e1 oponerse al tratamiento de sus datos. EL A\u00d1ADIO SL cesar\u00e1 en el\ntratamiento de los datos, salvo por motivos leg\u00edtimos imperiosos, o el\nejercicio o la defensa de posibles reclamaciones. <\/p>\n\n\n\n<p>El Usuario podr\u00e1 plantear\nlas cuestiones que considere en relaci\u00f3n a la presente Pol\u00edtica as\u00ed como\nejercer sus derechos en los t\u00e9rminos legalmente previstos debiendo para ello\ndirigir una comunicaci\u00f3n mediante correo postal a: EL A\u00d1ADIO SL, Paraje El A\u00f1ad\u00edo s\/n &nbsp;23220&nbsp;Vilches, Ja\u00e9n o correo electr\u00f3nico a: info@elanadio.es\ncon indicaci\u00f3n de la solicitud correspondiente y acompa\u00f1ado de copia del DNI o\ndocumento acreditativo de la identidad.<\/p>\n\n\n\n<p><strong>POL\u00cdTICA DE PRIVACIDAD<\/strong><\/p>\n\n\n\n<p>En cumplimiento de lo\nestablecido en la RGPD, le informamos que sus datos ser\u00e1n tratados en nuestros\nficheros, con la finalidad del mantenimiento y cumplimiento de la relaci\u00f3n con\nnuestra entidad, incluyendo el env\u00edo de comunicaciones en el marco de la citada\nrelaci\u00f3n.<\/p>\n\n\n\n<p>As\u00ed mismo, sus datos ser\u00e1n\ncedidos en todos aquellos casos en que sea necesario para el desarrollo,\ncumplimiento y control de la relaci\u00f3n con nuestra entidad o en los supuestos en\nque lo autorice una norma con rango de ley. En cumplimiento de la RGPD puede\nejercitar sus derechos ARCO ante EL A\u00d1AD\u00cdO, con direcci\u00f3n en Paraje El A\u00f1ad\u00edo s\/n &nbsp;23220&nbsp;Vilches, Ja\u00e9n, adjuntando fotocopia de su DNI.<\/p>\n\n\n\n<p>El contenido de esta comunicaci\u00f3n,\nas\u00ed como el de toda la documentaci\u00f3n anexa, est\u00e1 sujeta al deber de secreto y\nva dirigida \u00fanicamente a su destinatario. En el supuesto de que usted no fuera\nel destinatario, le solicitamos que nos lo indique y no comunique su contenido\na terceros, procediendo a su destrucci\u00f3n.<\/p>\n","protected":false},"excerpt":{"rendered":"<p>1. Informaci\u00f3n b\u00e1sica de protecci\u00f3n de datos. Fichero Sus datos de car\u00e1cter personal est\u00e1n inscritos en un fichero titularidad de EL A\u00d1ADIO SL Responsable EL A\u00d1ADIO SL Finalidad Prestaci\u00f3n del servicio acordado. Correcta gesti\u00f3n administrativa y contable del servicio prestado. Atenci\u00f3n de solicitudes por parte del usuario y mantenimiento de la relaci\u00f3n comercial. Legitimaci\u00f3n Base [&hellip;]<\/p>\n","protected":false},"author":1,"featured_media":0,"parent":0,"menu_order":0,"comment_status":"closed","ping_status":"closed","template":"","meta":{"_genesis_hide_title":false,"_genesis_hide_breadcrumbs":false,"_genesis_hide_singular_image":false,"_genesis_hide_footer_widgets":false,"_genesis_custom_body_class":"legales","_genesis_custom_post_class":"","_genesis_layout":"","footnotes":""},"class_list":{"0":"post-45","1":"page","2":"type-page","3":"status-publish","5":"entry"},"aioseo_notices":[],"_links":{"self":[{"href":"https:\/\/elanadio.es\/en\/wp-json\/wp\/v2\/pages\/45","targetHints":{"allow":["GET"]}}],"collection":[{"href":"https:\/\/elanadio.es\/en\/wp-json\/wp\/v2\/pages"}],"about":[{"href":"https:\/\/elanadio.es\/en\/wp-json\/wp\/v2\/types\/page"}],"author":[{"embeddable":true,"href":"https:\/\/elanadio.es\/en\/wp-json\/wp\/v2\/users\/1"}],"replies":[{"embeddable":true,"href":"https:\/\/elanadio.es\/en\/wp-json\/wp\/v2\/comments?post=45"}],"version-history":[{"count":0,"href":"https:\/\/elanadio.es\/en\/wp-json\/wp\/v2\/pages\/45\/revisions"}],"wp:attachment":[{"href":"https:\/\/elanadio.es\/en\/wp-json\/wp\/v2\/media?parent=45"}],"curies":[{"name":"wp","href":"https:\/\/api.w.org\/{rel}","templated":true}]}}