{"id":304,"date":"2020-01-08T12:27:29","date_gmt":"2020-01-08T11:27:29","guid":{"rendered":"https:\/\/elanadio.es\/?page_id=304"},"modified":"2025-10-06T13:27:34","modified_gmt":"2025-10-06T11:27:34","slug":"el-anadio-kitchen","status":"publish","type":"page","link":"https:\/\/elanadio.es\/en\/el-anadio-kitchen\/","title":{"rendered":"El A\u00f1adio Kitchen"},"content":{"rendered":"\t\t<div data-elementor-type=\"wp-page\" data-elementor-id=\"304\" class=\"elementor elementor-304\" data-elementor-post-type=\"page\">\n\t\t\t\t\t\t<section class=\"elementor-section elementor-top-section elementor-element elementor-element-f466311 elementor-section-height-min-height elementor-section-boxed elementor-section-height-default elementor-section-items-middle\" data-id=\"f466311\" data-element_type=\"section\" data-e-type=\"section\" data-settings=\"{&quot;background_background&quot;:&quot;classic&quot;}\">\n\t\t\t\t\t\t<div class=\"elementor-container elementor-column-gap-default\">\n\t\t\t\t\t<div class=\"elementor-column elementor-col-100 elementor-top-column elementor-element elementor-element-b8bda17\" data-id=\"b8bda17\" data-element_type=\"column\" data-e-type=\"column\">\n\t\t\t<div class=\"elementor-widget-wrap elementor-element-populated\">\n\t\t\t\t\t\t<div class=\"elementor-element elementor-element-c98a630 elementor-widget elementor-widget-heading\" data-id=\"c98a630\" data-element_type=\"widget\" data-e-type=\"widget\" data-widget_type=\"heading.default\">\n\t\t\t\t\t<h1 class=\"elementor-heading-title elementor-size-default\">Gastronom\u00eda<\/h1>\t\t\t\t<\/div>\n\t\t\t\t\t<\/div>\n\t\t<\/div>\n\t\t\t\t\t<\/div>\n\t\t<\/section>\n\t\t\t\t<section class=\"elementor-section elementor-top-section elementor-element elementor-element-11da40e elementor-section-full_width elementor-section-height-min-height elementor-section-height-default elementor-section-items-middle\" data-id=\"11da40e\" data-element_type=\"section\" data-e-type=\"section\" data-settings=\"{&quot;background_background&quot;:&quot;classic&quot;,&quot;sticky&quot;:&quot;top&quot;,&quot;sticky_offset&quot;:105,&quot;sticky_on&quot;:[&quot;desktop&quot;,&quot;tablet&quot;],&quot;sticky_effects_offset&quot;:0,&quot;sticky_anchor_link_offset&quot;:0}\">\n\t\t\t\t\t\t<div class=\"elementor-container elementor-column-gap-no\">\n\t\t\t\t\t<div class=\"elementor-column elementor-col-100 elementor-top-column elementor-element elementor-element-91d3d28\" data-id=\"91d3d28\" data-element_type=\"column\" data-e-type=\"column\">\n\t\t\t<div class=\"elementor-widget-wrap elementor-element-populated\">\n\t\t\t\t\t\t<div class=\"elementor-element elementor-element-edc3246 cal-horizontal elementor-widget elementor-widget-shortcode\" data-id=\"edc3246\" data-element_type=\"widget\" data-e-type=\"widget\" data-widget_type=\"shortcode.default\">\n\t\t\t\t\t\t\t<div class=\"elementor-shortcode\">[av_calendar id=1]<\/div>\n\t\t\t\t\t\t<\/div>\n\t\t\t\t\t<\/div>\n\t\t<\/div>\n\t\t\t\t\t<\/div>\n\t\t<\/section>\n\t\t\t\t<section class=\"elementor-section elementor-top-section elementor-element elementor-element-d2df7b9 elementor-reverse-tablet elementor-reverse-mobile elementor-section-boxed elementor-section-height-default elementor-section-height-default\" data-id=\"d2df7b9\" data-element_type=\"section\" data-e-type=\"section\">\n\t\t\t\t\t\t<div class=\"elementor-container elementor-column-gap-default\">\n\t\t\t\t\t<div class=\"elementor-column elementor-col-50 elementor-top-column elementor-element elementor-element-900a9ee\" data-id=\"900a9ee\" data-element_type=\"column\" data-e-type=\"column\" data-settings=\"{&quot;background_background&quot;:&quot;slideshow&quot;,&quot;background_slideshow_gallery&quot;:[{&quot;id&quot;:930,&quot;url&quot;:&quot;https:\\\/\\\/elanadio.es\\\/wp-content\\\/uploads\\\/cocina-jaen-nuestra-cocina-01.jpg&quot;},{&quot;id&quot;:931,&quot;url&quot;:&quot;https:\\\/\\\/elanadio.es\\\/wp-content\\\/uploads\\\/cocina-jaen-nuestra-cocina-02.jpg&quot;},{&quot;id&quot;:932,&quot;url&quot;:&quot;https:\\\/\\\/elanadio.es\\\/wp-content\\\/uploads\\\/cocina-jaen-nuestra-cocina-03.jpg&quot;},{&quot;id&quot;:933,&quot;url&quot;:&quot;https:\\\/\\\/elanadio.es\\\/wp-content\\\/uploads\\\/cocina-jaen-nuestra-cocina-04.jpg&quot;}],&quot;background_slideshow_slide_duration&quot;:3000,&quot;background_slideshow_transition_duration&quot;:1000,&quot;background_slideshow_loop&quot;:&quot;yes&quot;,&quot;background_slideshow_slide_transition&quot;:&quot;fade&quot;}\">\n\t\t\t<div class=\"elementor-widget-wrap elementor-element-populated\">\n\t\t\t\t\t\t<div class=\"elementor-element elementor-element-6a1987e elementor-widget elementor-widget-spacer\" data-id=\"6a1987e\" data-element_type=\"widget\" data-e-type=\"widget\" data-widget_type=\"spacer.default\">\n\t\t\t\t\t\t\t<div class=\"elementor-spacer\">\n\t\t\t<div class=\"elementor-spacer-inner\"><\/div>\n\t\t<\/div>\n\t\t\t\t\t\t<\/div>\n\t\t\t\t\t<\/div>\n\t\t<\/div>\n\t\t\t\t<div class=\"elementor-column elementor-col-50 elementor-top-column elementor-element elementor-element-92a643f\" data-id=\"92a643f\" data-element_type=\"column\" data-e-type=\"column\">\n\t\t\t<div class=\"elementor-widget-wrap elementor-element-populated\">\n\t\t\t\t\t\t<div class=\"elementor-element elementor-element-715b9bd elementor-widget elementor-widget-heading\" data-id=\"715b9bd\" data-element_type=\"widget\" data-e-type=\"widget\" data-widget_type=\"heading.default\">\n\t\t\t\t\t<h2 class=\"elementor-heading-title elementor-size-default\">Our<br> Kitchen<\/h2>\t\t\t\t<\/div>\n\t\t\t\t<div class=\"elementor-element elementor-element-97905c8 parrafo elementor-widget elementor-widget-text-editor\" data-id=\"97905c8\" data-element_type=\"widget\" data-e-type=\"widget\" data-widget_type=\"text-editor.default\">\n\t\t\t\t\t\t\t\t\t\u201cMother\u2019s Home Cooking\u201d.\u2026 that\u2019s how our guests define our restaurant.\t\t\t\t\t\t\t\t<\/div>\n\t\t\t\t<div class=\"elementor-element elementor-element-271fde2 elementor-widget elementor-widget-text-editor\" data-id=\"271fde2\" data-element_type=\"widget\" data-e-type=\"widget\" data-widget_type=\"text-editor.default\">\n\t\t\t\t\t\t\t\t\t<p>Truly homemade, local, authentic dishes that go way back!<\/p><p>\u201cThe main meal of the day for everybody\u201d just like at home. Traditional dishes are the foundation of our cooking, with a small appetizer followed by a first and second course. Desserts, which are also homemade, country bread and water.\u00a0 Everything is prepared in the moment. Each day\u2019s menu can be found written on the slate board at the dining room entrance. If you do not wish to eat what is on the menu, our cook can meet your requests with alternative dishes.\u00a0 Simply notify her with enough time in advance. This is also the case for children\u2019s menus, other dietary restrictions, Celiac\u2019s, diabetes, or vegetarians.<\/p><p>Sometimes we offer you meat from our cattle, certified for its origin and breeding.<\/p>\t\t\t\t\t\t\t\t<\/div>\n\t\t\t\t\t<\/div>\n\t\t<\/div>\n\t\t\t\t\t<\/div>\n\t\t<\/section>\n\t\t\t\t<section class=\"elementor-section elementor-top-section elementor-element elementor-element-a2dfaeb elementor-section-boxed elementor-section-height-default elementor-section-height-default\" data-id=\"a2dfaeb\" data-element_type=\"section\" data-e-type=\"section\">\n\t\t\t\t\t\t<div class=\"elementor-container elementor-column-gap-default\">\n\t\t\t\t\t<div class=\"elementor-column elementor-col-100 elementor-top-column elementor-element elementor-element-44555e2\" data-id=\"44555e2\" data-element_type=\"column\" data-e-type=\"column\">\n\t\t\t<div class=\"elementor-widget-wrap elementor-element-populated\">\n\t\t\t\t\t\t<div class=\"elementor-element elementor-element-1adbc2e elementor-widget elementor-widget-heading\" data-id=\"1adbc2e\" data-element_type=\"widget\" data-e-type=\"widget\" data-widget_type=\"heading.default\">\n\t\t\t\t\t<h3 class=\"elementor-heading-title elementor-size-default\">Breakfasts <\/h3>\t\t\t\t<\/div>\n\t\t\t\t<div class=\"elementor-element elementor-element-0a00d34 elementor-widget-divider--view-line elementor-widget elementor-widget-divider\" data-id=\"0a00d34\" data-element_type=\"widget\" data-e-type=\"widget\" data-widget_type=\"divider.default\">\n\t\t\t\t\t\t\t<div class=\"elementor-divider\">\n\t\t\t<span class=\"elementor-divider-separator\">\n\t\t\t\t\t\t<\/span>\n\t\t<\/div>\n\t\t\t\t\t\t<\/div>\n\t\t\t\t<div class=\"elementor-element elementor-element-ecc62a8 elementor-widget elementor-widget-text-editor\" data-id=\"ecc62a8\" data-element_type=\"widget\" data-e-type=\"widget\" data-widget_type=\"text-editor.default\">\n\t\t\t\t\t\t\t\t\t<p><strong><u>Traditional Breakfast:<\/u><\/strong>\u00a0 <br \/><strong><em>(Included in the price of your room)<\/em><\/strong><\/p><p>Toast Rustic bread, white or wholemeal, with the best liquid gold of the region (AOVE de Ja\u00e9n), with a little bit of Serrano ham and tomato or butter and jam, coffee. Milk, infusions and natural orange juice.<\/p>\t\t\t\t\t\t\t\t<\/div>\n\t\t\t\t<div class=\"elementor-element elementor-element-3863efb elementor-widget elementor-widget-text-editor\" data-id=\"3863efb\" data-element_type=\"widget\" data-e-type=\"widget\" data-widget_type=\"text-editor.default\">\n\t\t\t\t\t\t\t\t\t<p><strong>Special Breakfast<\/strong>:<br \/><strong><em>(Not included in the room rate)<\/em><\/strong><\/p><p>\u00a0We have the following options available for you to choose from<\/p><ol style=\"text-align: left;\"><li style=\"list-style-type: none;\"><ol style=\"text-align: left;\"><li>Eggs to taste (maximum 2). Scrambled, omelette, fried, boiled or soft-boiled, prepared on the spot.<\/li><li>A piece of fresh seasonal fruit, if desired, prepared in our kitchen (e.g. melon, orange, apple, grape, depending on local availability).<\/li><li>Individual natural yoghurt (creamy, light).<\/li><li>Grandma&#8217;s homemade sponge cake (Traditional recipe with a touch of lemon) or Oil Cakes from the village.<\/li><li>Assorted biscuits (Individually wrapped to guarantee freshness).<\/li><li>Fresh cheese or slices of turkey breast or grilled bacon.<\/li><li>Earth Bowl (Natural yoghurt with chopped fruit, wholegrain cereals and seeds. Or Assorted crackers (Individually wrapped to ensure freshness).<\/li><li>Cereal Flakes (Crunchy and light, a favourite with the little ones).<\/li><li>Chopped avocado with extra virgin olive oil and a pinch of coarse salt).<\/li><\/ol><\/li><\/ol>\t\t\t\t\t\t\t\t<\/div>\n\t\t\t\t<div class=\"elementor-element elementor-element-c9966fa elementor-widget elementor-widget-heading\" data-id=\"c9966fa\" data-element_type=\"widget\" data-e-type=\"widget\" data-widget_type=\"heading.default\">\n\t\t\t\t\t<h3 class=\"elementor-heading-title elementor-size-default\">Lunches and Dinners<\/h3>\t\t\t\t<\/div>\n\t\t\t\t<div class=\"elementor-element elementor-element-716f580 elementor-widget-divider--view-line elementor-widget elementor-widget-divider\" data-id=\"716f580\" data-element_type=\"widget\" data-e-type=\"widget\" data-widget_type=\"divider.default\">\n\t\t\t\t\t\t\t<div class=\"elementor-divider\">\n\t\t\t<span class=\"elementor-divider-separator\">\n\t\t\t\t\t\t<\/span>\n\t\t<\/div>\n\t\t\t\t\t\t<\/div>\n\t\t\t\t<div class=\"elementor-element elementor-element-0450e13 elementor-widget elementor-widget-text-editor\" data-id=\"0450e13\" data-element_type=\"widget\" data-e-type=\"widget\" data-widget_type=\"text-editor.default\">\n\t\t\t\t\t\t\t\t\t<p>Some examples of our most popular dishes<\/p>\t\t\t\t\t\t\t\t<\/div>\n\t\t\t\t<div class=\"elementor-element elementor-element-a8effe9 elementor-widget elementor-widget-heading\" data-id=\"a8effe9\" data-element_type=\"widget\" data-e-type=\"widget\" data-widget_type=\"heading.default\">\n\t\t\t\t\t<h4 class=\"elementor-heading-title elementor-size-default\">For the first<\/h4>\t\t\t\t<\/div>\n\t\t\t\t<div class=\"elementor-element elementor-element-0f181b1 elementor-widget-divider--view-line elementor-widget elementor-widget-divider\" data-id=\"0f181b1\" data-element_type=\"widget\" data-e-type=\"widget\" data-widget_type=\"divider.default\">\n\t\t\t\t\t\t\t<div class=\"elementor-divider\">\n\t\t\t<span class=\"elementor-divider-separator\">\n\t\t\t\t\t\t<\/span>\n\t\t<\/div>\n\t\t\t\t\t\t<\/div>\n\t\t\t\t<div class=\"elementor-element elementor-element-796ed69 elementor-widget elementor-widget-text-editor\" data-id=\"796ed69\" data-element_type=\"widget\" data-e-type=\"widget\" data-widget_type=\"text-editor.default\">\n\t\t\t\t\t\t\t\t\t<p><strong>Light dishes as starters that change depending on the season: <\/strong><em><br \/><\/em>Pumpkin cream, a variety of soups and stews like seafood stew or picadillo chicken soup. Salmorejo with fried eggplant, salads like orange and tuna, pickled quail, roasted peppers, summer pipirrana pepper and tomato salad, gazpacho or pine nut and almond gazpacho.<\/p><p><strong>More filling ones:<\/strong><br \/>Migas de pan (bread crumbs) with all the cured sausage \u201cfixings,\u201d fried eggs and peppers, creamy rice with free range chicken, oxtail in sherry sauce, Iberian pork cheek with white rice, poor man\u2019s potatoes with eggs and cured ham, rabbit stew with homemade galianos\/harapos pasta, garlic and mushroom stew, white beans with partridge, chickpea stew with cod and chard.<\/p>\t\t\t\t\t\t\t\t<\/div>\n\t\t\t\t<div class=\"elementor-element elementor-element-1bd9dc2 elementor-widget elementor-widget-heading\" data-id=\"1bd9dc2\" data-element_type=\"widget\" data-e-type=\"widget\" data-widget_type=\"heading.default\">\n\t\t\t\t\t<h4 class=\"elementor-heading-title elementor-size-default\">Second courses<\/h4>\t\t\t\t<\/div>\n\t\t\t\t<div class=\"elementor-element elementor-element-99763db elementor-widget-divider--view-line elementor-widget elementor-widget-divider\" data-id=\"99763db\" data-element_type=\"widget\" data-e-type=\"widget\" data-widget_type=\"divider.default\">\n\t\t\t\t\t\t\t<div class=\"elementor-divider\">\n\t\t\t<span class=\"elementor-divider-separator\">\n\t\t\t\t\t\t<\/span>\n\t\t<\/div>\n\t\t\t\t\t\t<\/div>\n\t\t\t\t<div class=\"elementor-element elementor-element-b3c83c5 elementor-widget elementor-widget-text-editor\" data-id=\"b3c83c5\" data-element_type=\"widget\" data-e-type=\"widget\" data-widget_type=\"text-editor.default\">\n\t\t\t\t\t\t\t\t\t<p>Pork tenderloin in sherry sauce, tenderloin cooked in a clay pot with creamy ajoatao garlic sauce, cod in onion confit, breaded lamb chops, salmon fillets with carrots, pickled partridges, scrambled fava beans with ham, free range chicken drumsticks in pepitoria sauce.<\/p>\t\t\t\t\t\t\t\t<\/div>\n\t\t\t\t<div class=\"elementor-element elementor-element-4453be9 elementor-widget elementor-widget-heading\" data-id=\"4453be9\" data-element_type=\"widget\" data-e-type=\"widget\" data-widget_type=\"heading.default\">\n\t\t\t\t\t<h4 class=\"elementor-heading-title elementor-size-default\">And for dessert<\/h4>\t\t\t\t<\/div>\n\t\t\t\t<div class=\"elementor-element elementor-element-1f579a9 elementor-widget-divider--view-line elementor-widget elementor-widget-divider\" data-id=\"1f579a9\" data-element_type=\"widget\" data-e-type=\"widget\" data-widget_type=\"divider.default\">\n\t\t\t\t\t\t\t<div class=\"elementor-divider\">\n\t\t\t<span class=\"elementor-divider-separator\">\n\t\t\t\t\t\t<\/span>\n\t\t<\/div>\n\t\t\t\t\t\t<\/div>\n\t\t\t\t<div class=\"elementor-element elementor-element-4a39164 elementor-widget elementor-widget-text-editor\" data-id=\"4a39164\" data-element_type=\"widget\" data-e-type=\"widget\" data-widget_type=\"text-editor.default\">\n\t\t\t\t\t\t\t\t\t<p>Seasonal fruit, sometimes from our garden, and homemade desserts typical of the region like the classic free range egg flan, milk and cheese cake, lemon dessert with nuts, Pedro Xim\u00e9nez dessert sherry custard, and when it\u2019s the right time of year the special sweet gacha porridge or honey fritters.<\/p>\t\t\t\t\t\t\t\t<\/div>\n\t\t\t\t<div class=\"elementor-element elementor-element-3eac09b elementor-widget elementor-widget-heading\" data-id=\"3eac09b\" data-element_type=\"widget\" data-e-type=\"widget\" data-widget_type=\"heading.default\">\n\t\t\t\t\t<h4 class=\"elementor-heading-title elementor-size-default\">In addition, to snack on<\/h4>\t\t\t\t<\/div>\n\t\t\t\t<div class=\"elementor-element elementor-element-915e319 elementor-widget-divider--view-line elementor-widget elementor-widget-divider\" data-id=\"915e319\" data-element_type=\"widget\" data-e-type=\"widget\" data-widget_type=\"divider.default\">\n\t\t\t\t\t\t\t<div class=\"elementor-divider\">\n\t\t\t<span class=\"elementor-divider-separator\">\n\t\t\t\t\t\t<\/span>\n\t\t<\/div>\n\t\t\t\t\t\t<\/div>\n\t\t\t\t<div class=\"elementor-element elementor-element-edcd35c elementor-widget elementor-widget-text-editor\" data-id=\"edcd35c\" data-element_type=\"widget\" data-e-type=\"widget\" data-widget_type=\"text-editor.default\">\n\t\t\t\t\t\t\t\t\t<p>we offer the classics of Iberian ham, sheep\u2019s cheese in olive oil, partridge pat\u00e9, Spanish potato omelette, chicken croquettes and more.<\/p><p>If you wish to request one, we are able to prepare barbecues in the garden or a picnic to take with you to the countryside.<\/p><p>You can find extra virgin olive oil from the surrounding olive trees and a few other souvenirs from El A\u00f1ad\u00edo at our small store.<\/p>\t\t\t\t\t\t\t\t<\/div>\n\t\t\t\t\t<\/div>\n\t\t<\/div>\n\t\t\t\t\t<\/div>\n\t\t<\/section>\n\t\t\t\t<section class=\"elementor-section elementor-top-section elementor-element elementor-element-d3909cf elementor-section-boxed elementor-section-height-default elementor-section-height-default\" data-id=\"d3909cf\" data-element_type=\"section\" data-e-type=\"section\">\n\t\t\t\t\t\t<div class=\"elementor-container elementor-column-gap-default\">\n\t\t\t\t\t<div class=\"elementor-column elementor-col-50 elementor-top-column elementor-element elementor-element-97131bf\" data-id=\"97131bf\" data-element_type=\"column\" data-e-type=\"column\" data-settings=\"{&quot;background_background&quot;:&quot;classic&quot;}\">\n\t\t\t<div class=\"elementor-widget-wrap elementor-element-populated\">\n\t\t\t\t\t\t<div class=\"elementor-element elementor-element-7553852 elementor-widget elementor-widget-spacer\" data-id=\"7553852\" data-element_type=\"widget\" data-e-type=\"widget\" data-widget_type=\"spacer.default\">\n\t\t\t\t\t\t\t<div class=\"elementor-spacer\">\n\t\t\t<div class=\"elementor-spacer-inner\"><\/div>\n\t\t<\/div>\n\t\t\t\t\t\t<\/div>\n\t\t\t\t\t<\/div>\n\t\t<\/div>\n\t\t\t\t<div class=\"elementor-column elementor-col-50 elementor-top-column elementor-element elementor-element-d449fd9\" data-id=\"d449fd9\" data-element_type=\"column\" data-e-type=\"column\">\n\t\t\t<div class=\"elementor-widget-wrap elementor-element-populated\">\n\t\t\t\t\t\t<div class=\"elementor-element elementor-element-f407f4e elementor-widget elementor-widget-heading\" data-id=\"f407f4e\" data-element_type=\"widget\" data-e-type=\"widget\" data-widget_type=\"heading.default\">\n\t\t\t\t\t<h2 class=\"elementor-heading-title elementor-size-default\">The<br> Store<\/h2>\t\t\t\t<\/div>\n\t\t\t\t<div class=\"elementor-element elementor-element-e6e4c19 elementor-widget elementor-widget-text-editor\" data-id=\"e6e4c19\" data-element_type=\"widget\" data-e-type=\"widget\" data-widget_type=\"text-editor.default\">\n\t\t\t\t\t\t\t\t\tWe have something for you to take away as a souvenir: always a magnificent early extra virgin olive oil from the area, and the homemade partridge p\u00e2t\u00e9 from our restaurant. The sterling silver bracelet with the iron of El A\u00f1ad\u00edo, designed by the sculptor Manuel L\u00f3pez&#8230; and some other little things.\t\t\t\t\t\t\t\t<\/div>\n\t\t\t\t\t<\/div>\n\t\t<\/div>\n\t\t\t\t\t<\/div>\n\t\t<\/section>\n\t\t\t\t<section class=\"elementor-section elementor-top-section elementor-element elementor-element-10c0cfa elementor-section-full_width elementor-section-height-default elementor-section-height-default\" data-id=\"10c0cfa\" data-element_type=\"section\" data-e-type=\"section\">\n\t\t\t\t\t\t<div class=\"elementor-container elementor-column-gap-no\">\n\t\t\t\t\t<div class=\"elementor-column elementor-col-50 elementor-top-column elementor-element elementor-element-5990016\" data-id=\"5990016\" data-element_type=\"column\" data-e-type=\"column\" data-settings=\"{&quot;background_background&quot;:&quot;classic&quot;}\">\n\t\t\t<div class=\"elementor-widget-wrap elementor-element-populated\">\n\t\t\t\t\t\t<div class=\"elementor-element elementor-element-179065e elementor-widget elementor-widget-spacer\" data-id=\"179065e\" data-element_type=\"widget\" data-e-type=\"widget\" data-widget_type=\"spacer.default\">\n\t\t\t\t\t\t\t<div class=\"elementor-spacer\">\n\t\t\t<div class=\"elementor-spacer-inner\"><\/div>\n\t\t<\/div>\n\t\t\t\t\t\t<\/div>\n\t\t\t\t\t<\/div>\n\t\t<\/div>\n\t\t\t\t<div class=\"elementor-column elementor-col-50 elementor-top-column elementor-element elementor-element-d932dda\" data-id=\"d932dda\" data-element_type=\"column\" data-e-type=\"column\">\n\t\t\t<div class=\"elementor-widget-wrap elementor-element-populated\">\n\t\t\t\t\t\t<div class=\"elementor-element elementor-element-99a94d2 elementor-widget elementor-widget-heading\" data-id=\"99a94d2\" data-element_type=\"widget\" data-e-type=\"widget\" data-widget_type=\"heading.default\">\n\t\t\t\t\t<h3 class=\"elementor-heading-title elementor-size-default\">Give stays and experiences El A\u00f1adio<\/h3>\t\t\t\t<\/div>\n\t\t\t\t<div class=\"elementor-element elementor-element-aec5946 elementor-widget elementor-widget-text-editor\" data-id=\"aec5946\" data-element_type=\"widget\" data-e-type=\"widget\" data-widget_type=\"text-editor.default\">\n\t\t\t\t\t\t\t\t\tDesigned to your taste, include in them what you want: accommodation, activities, catering&#8230;etc. In a totally personalized way and with a year to consume them. We can send you a virtual gift, a physical gift letter or a gift pack with information and our magnificent oil. Please consult us.\t\t\t\t\t\t\t\t<\/div>\n\t\t\t\t\t<\/div>\n\t\t<\/div>\n\t\t\t\t\t<\/div>\n\t\t<\/section>\n\t\t\t\t<\/div>\n\t\t","protected":false},"excerpt":{"rendered":"<p>Gastronom\u00eda [av_calendar id=1] Our Kitchen \u201cMother\u2019s Home Cooking\u201d.\u2026 that\u2019s how our guests define our restaurant. Truly homemade, local, authentic dishes that go way back! \u201cThe main meal of the day for everybody\u201d just like at home. Traditional dishes are the foundation of our cooking, with a small appetizer followed by a first and second course. [&hellip;]<\/p>\n","protected":false},"author":1,"featured_media":0,"parent":0,"menu_order":0,"comment_status":"closed","ping_status":"closed","template":"elementor_header_footer","meta":{"_genesis_hide_title":false,"_genesis_hide_breadcrumbs":false,"_genesis_hide_singular_image":false,"_genesis_hide_footer_widgets":false,"_genesis_custom_body_class":"","_genesis_custom_post_class":"","_genesis_layout":"","footnotes":""},"class_list":{"0":"post-304","1":"page","2":"type-page","3":"status-publish","5":"entry"},"aioseo_notices":[],"_links":{"self":[{"href":"https:\/\/elanadio.es\/en\/wp-json\/wp\/v2\/pages\/304","targetHints":{"allow":["GET"]}}],"collection":[{"href":"https:\/\/elanadio.es\/en\/wp-json\/wp\/v2\/pages"}],"about":[{"href":"https:\/\/elanadio.es\/en\/wp-json\/wp\/v2\/types\/page"}],"author":[{"embeddable":true,"href":"https:\/\/elanadio.es\/en\/wp-json\/wp\/v2\/users\/1"}],"replies":[{"embeddable":true,"href":"https:\/\/elanadio.es\/en\/wp-json\/wp\/v2\/comments?post=304"}],"version-history":[{"count":6,"href":"https:\/\/elanadio.es\/en\/wp-json\/wp\/v2\/pages\/304\/revisions"}],"predecessor-version":[{"id":1737,"href":"https:\/\/elanadio.es\/en\/wp-json\/wp\/v2\/pages\/304\/revisions\/1737"}],"wp:attachment":[{"href":"https:\/\/elanadio.es\/en\/wp-json\/wp\/v2\/media?parent=304"}],"curies":[{"name":"wp","href":"https:\/\/api.w.org\/{rel}","templated":true}]}}